{"id":5002,"date":"2025-11-20T16:40:29","date_gmt":"2025-11-20T19:40:29","guid":{"rendered":"https:\/\/espaciomacedo.com\/?post_type=product&#038;p=5002"},"modified":"2025-12-07T15:32:52","modified_gmt":"2025-12-07T18:32:52","slug":"vestido-origen-copia","status":"publish","type":"product","link":"https:\/\/espaciomacedo.com\/en\/product\/vestido-origen-copia\/","title":{"rendered":"Vestido Bruma"},"content":{"rendered":"<p>Vestido corto de verano realizado en puro Chaguar a partir de un pa\u00f1o tejido por las mujeres Wichi de Formosa, Argentina.<\/p>\n<p>Dise\u00f1o Macedo, la intersecci\u00f3n entre el <b>dise\u00f1o contempor\u00e1neo<\/b>\u00a0y la <b>fibra ancestral<\/b>.<\/p>\n<p>Porque creemos en una moda radicalmente honesta. Cada prenda es una pieza 100% <b>chaguar<\/b>, tejida a mano por comunidades del Gran Chaco.<\/p>\n<p>Esto es <b>lujo \u00e9tico<\/b>: prendas de bajo impacto, alta textura y una historia social real detr\u00e1s de cada hebra. Al elegirnos, invert\u00eds en calidad atemporal y en el futuro de la tradici\u00f3n.<\/p>\n<p>&nbsp;<\/p>\n<p>Dise\u00f1o Macedo de un solo hombro.<\/p>\n<p>Largo 74cm<\/p>\n<p>Ancho 44 cm<\/p>\n<p>Referencia: altura de la modelo 1,80<\/p>","protected":false},"excerpt":{"rendered":"<p>Vestido corto de verano realizado en puro Chaguar a partir de un pa\u00f1o tejido por las mujeres Wichi de Formosa, Argentina. Dise\u00f1o Macedo, la intersecci\u00f3n entre el dise\u00f1o contempor\u00e1neo\u00a0y la fibra ancestral. Porque creemos en una moda radicalmente honesta. Cada prenda es una pieza 100% chaguar, tejida a mano por comunidades del Gran Chaco. Esto [&hellip;]<\/p>\n","protected":false},"featured_media":5005,"comment_status":"closed","ping_status":"closed","template":"","meta":[],"product_brand":[],"product_cat":[25,45,24],"product_tag":[],"class_list":{"0":"post-5002","1":"product","2":"type-product","3":"status-publish","4":"has-post-thumbnail","6":"product_cat-chaguar","7":"product_cat-indumentaria","8":"product_cat-todos","10":"first","11":"outofstock","12":"taxable","13":"shipping-taxable","14":"product-type-simple"},"yoast_head":"<!-- This site is optimized with the Yoast SEO plugin v27.5 - https:\/\/yoast.com\/product\/yoast-seo-wordpress\/ -->\n<title>Vestido Bruma - Espacio Macedo<\/title>\n<meta name=\"description\" content=\"Lujo artesanal. Exclusivo vestido de Chaguar 100%. Obra textil \u00fanica tejida a mano con patrones ancestrales. Moda atemporal y sostenible. 160Exportar a Hojas de c\u00e1lculo\" \/>\n<meta name=\"robots\" content=\"index, follow, max-snippet:-1, max-image-preview:large, max-video-preview:-1\" \/>\n<link rel=\"canonical\" href=\"https:\/\/espaciomacedo.com\/en\/product\/vestido-origen-copia\/\" \/>\n<meta property=\"og:locale\" content=\"en_US\" \/>\n<meta property=\"og:type\" content=\"article\" \/>\n<meta property=\"og:title\" content=\"Vestido Bruma - Espacio Macedo\" \/>\n<meta property=\"og:description\" content=\"Lujo artesanal. Exclusivo vestido de Chaguar 100%. Obra textil \u00fanica tejida a mano con patrones ancestrales. Moda atemporal y sostenible. 160Exportar a Hojas de c\u00e1lculo\" \/>\n<meta property=\"og:url\" content=\"https:\/\/espaciomacedo.com\/en\/product\/vestido-origen-copia\/\" \/>\n<meta property=\"og:site_name\" content=\"Espacio Macedo\" \/>\n<meta property=\"article:publisher\" content=\"https:\/\/www.facebook.com\/espaciomacedo\/\" \/>\n<meta property=\"article:modified_time\" content=\"2025-12-07T18:32:52+00:00\" \/>\n<meta property=\"og:image\" content=\"https:\/\/espaciomacedo.com\/wp-content\/uploads\/2025\/11\/IMG_8978.jpeg\" \/>\n\t<meta property=\"og:image:width\" content=\"1080\" \/>\n\t<meta property=\"og:image:height\" content=\"1440\" \/>\n\t<meta property=\"og:image:type\" content=\"image\/jpeg\" \/>\n<meta name=\"twitter:card\" content=\"summary_large_image\" \/>\n<script type=\"application\/ld+json\" class=\"yoast-schema-graph\">{\"@context\":\"https:\\\/\\\/schema.org\",\"@graph\":[{\"@type\":\"WebPage\",\"@id\":\"https:\\\/\\\/espaciomacedo.com\\\/producto\\\/vestido-origen-copia\\\/\",\"url\":\"https:\\\/\\\/espaciomacedo.com\\\/producto\\\/vestido-origen-copia\\\/\",\"name\":\"Vestido Bruma - Espacio Macedo\",\"isPartOf\":{\"@id\":\"https:\\\/\\\/espaciomacedo.com\\\/#website\"},\"primaryImageOfPage\":{\"@id\":\"https:\\\/\\\/espaciomacedo.com\\\/producto\\\/vestido-origen-copia\\\/#primaryimage\"},\"image\":{\"@id\":\"https:\\\/\\\/espaciomacedo.com\\\/producto\\\/vestido-origen-copia\\\/#primaryimage\"},\"thumbnailUrl\":\"https:\\\/\\\/espaciomacedo.com\\\/wp-content\\\/uploads\\\/2025\\\/11\\\/IMG_8978.jpeg\",\"datePublished\":\"2025-11-20T19:40:29+00:00\",\"dateModified\":\"2025-12-07T18:32:52+00:00\",\"description\":\"Lujo artesanal. Exclusivo vestido de Chaguar 100%. Obra textil \u00fanica tejida a mano con patrones ancestrales. Moda atemporal y sostenible. 160Exportar a Hojas de c\u00e1lculo\",\"breadcrumb\":{\"@id\":\"https:\\\/\\\/espaciomacedo.com\\\/producto\\\/vestido-origen-copia\\\/#breadcrumb\"},\"inLanguage\":\"en-US\",\"potentialAction\":[{\"@type\":\"ReadAction\",\"target\":[\"https:\\\/\\\/espaciomacedo.com\\\/producto\\\/vestido-origen-copia\\\/\"]}]},{\"@type\":\"ImageObject\",\"inLanguage\":\"en-US\",\"@id\":\"https:\\\/\\\/espaciomacedo.com\\\/producto\\\/vestido-origen-copia\\\/#primaryimage\",\"url\":\"https:\\\/\\\/espaciomacedo.com\\\/wp-content\\\/uploads\\\/2025\\\/11\\\/IMG_8978.jpeg\",\"contentUrl\":\"https:\\\/\\\/espaciomacedo.com\\\/wp-content\\\/uploads\\\/2025\\\/11\\\/IMG_8978.jpeg\",\"width\":1080,\"height\":1440},{\"@type\":\"BreadcrumbList\",\"@id\":\"https:\\\/\\\/espaciomacedo.com\\\/producto\\\/vestido-origen-copia\\\/#breadcrumb\",\"itemListElement\":[{\"@type\":\"ListItem\",\"position\":1,\"name\":\"Portada\",\"item\":\"https:\\\/\\\/espaciomacedo.com\\\/\"},{\"@type\":\"ListItem\",\"position\":2,\"name\":\"Tienda\",\"item\":\"https:\\\/\\\/espaciomacedo.com\\\/tienda\\\/\"},{\"@type\":\"ListItem\",\"position\":3,\"name\":\"Vestido Bruma\"}]},{\"@type\":\"WebSite\",\"@id\":\"https:\\\/\\\/espaciomacedo.com\\\/#website\",\"url\":\"https:\\\/\\\/espaciomacedo.com\\\/\",\"name\":\"Espacio Macedo\",\"description\":\"Indumentaria Artesanal Femenina\",\"publisher\":{\"@id\":\"https:\\\/\\\/espaciomacedo.com\\\/#organization\"},\"potentialAction\":[{\"@type\":\"SearchAction\",\"target\":{\"@type\":\"EntryPoint\",\"urlTemplate\":\"https:\\\/\\\/espaciomacedo.com\\\/?s={search_term_string}\"},\"query-input\":{\"@type\":\"PropertyValueSpecification\",\"valueRequired\":true,\"valueName\":\"search_term_string\"}}],\"inLanguage\":\"en-US\"},{\"@type\":\"Organization\",\"@id\":\"https:\\\/\\\/espaciomacedo.com\\\/#organization\",\"name\":\"Espacio Macedo\",\"url\":\"https:\\\/\\\/espaciomacedo.com\\\/\",\"logo\":{\"@type\":\"ImageObject\",\"inLanguage\":\"en-US\",\"@id\":\"https:\\\/\\\/espaciomacedo.com\\\/#\\\/schema\\\/logo\\\/image\\\/\",\"url\":\"https:\\\/\\\/espaciomacedo.com\\\/wp-content\\\/uploads\\\/2024\\\/01\\\/logo-espaciomacedo-02.webp\",\"contentUrl\":\"https:\\\/\\\/espaciomacedo.com\\\/wp-content\\\/uploads\\\/2024\\\/01\\\/logo-espaciomacedo-02.webp\",\"width\":696,\"height\":696,\"caption\":\"Espacio Macedo\"},\"image\":{\"@id\":\"https:\\\/\\\/espaciomacedo.com\\\/#\\\/schema\\\/logo\\\/image\\\/\"},\"sameAs\":[\"https:\\\/\\\/www.facebook.com\\\/espaciomacedo\\\/\",\"https:\\\/\\\/www.instagram.com\\\/espacio_macedo\\\/\"]}]}<\/script>\n<!-- \/ Yoast SEO plugin. -->","yoast_head_json":{"title":"Vestido Bruma - Espacio Macedo","description":"Lujo artesanal. Exclusivo vestido de Chaguar 100%. Obra textil \u00fanica tejida a mano con patrones ancestrales. Moda atemporal y sostenible. 160Exportar a Hojas de c\u00e1lculo","robots":{"index":"index","follow":"follow","max-snippet":"max-snippet:-1","max-image-preview":"max-image-preview:large","max-video-preview":"max-video-preview:-1"},"canonical":"https:\/\/espaciomacedo.com\/en\/product\/vestido-origen-copia\/","og_locale":"en_US","og_type":"article","og_title":"Vestido Bruma - Espacio Macedo","og_description":"Lujo artesanal. Exclusivo vestido de Chaguar 100%. Obra textil \u00fanica tejida a mano con patrones ancestrales. Moda atemporal y sostenible. 160Exportar a Hojas de c\u00e1lculo","og_url":"https:\/\/espaciomacedo.com\/en\/product\/vestido-origen-copia\/","og_site_name":"Espacio Macedo","article_publisher":"https:\/\/www.facebook.com\/espaciomacedo\/","article_modified_time":"2025-12-07T18:32:52+00:00","og_image":[{"width":1080,"height":1440,"url":"https:\/\/espaciomacedo.com\/wp-content\/uploads\/2025\/11\/IMG_8978.jpeg","type":"image\/jpeg"}],"twitter_card":"summary_large_image","schema":{"@context":"https:\/\/schema.org","@graph":[{"@type":"WebPage","@id":"https:\/\/espaciomacedo.com\/producto\/vestido-origen-copia\/","url":"https:\/\/espaciomacedo.com\/producto\/vestido-origen-copia\/","name":"Vestido Bruma - Espacio Macedo","isPartOf":{"@id":"https:\/\/espaciomacedo.com\/#website"},"primaryImageOfPage":{"@id":"https:\/\/espaciomacedo.com\/producto\/vestido-origen-copia\/#primaryimage"},"image":{"@id":"https:\/\/espaciomacedo.com\/producto\/vestido-origen-copia\/#primaryimage"},"thumbnailUrl":"https:\/\/espaciomacedo.com\/wp-content\/uploads\/2025\/11\/IMG_8978.jpeg","datePublished":"2025-11-20T19:40:29+00:00","dateModified":"2025-12-07T18:32:52+00:00","description":"Lujo artesanal. Exclusivo vestido de Chaguar 100%. Obra textil \u00fanica tejida a mano con patrones ancestrales. Moda atemporal y sostenible. 160Exportar a Hojas de c\u00e1lculo","breadcrumb":{"@id":"https:\/\/espaciomacedo.com\/producto\/vestido-origen-copia\/#breadcrumb"},"inLanguage":"en-US","potentialAction":[{"@type":"ReadAction","target":["https:\/\/espaciomacedo.com\/producto\/vestido-origen-copia\/"]}]},{"@type":"ImageObject","inLanguage":"en-US","@id":"https:\/\/espaciomacedo.com\/producto\/vestido-origen-copia\/#primaryimage","url":"https:\/\/espaciomacedo.com\/wp-content\/uploads\/2025\/11\/IMG_8978.jpeg","contentUrl":"https:\/\/espaciomacedo.com\/wp-content\/uploads\/2025\/11\/IMG_8978.jpeg","width":1080,"height":1440},{"@type":"BreadcrumbList","@id":"https:\/\/espaciomacedo.com\/producto\/vestido-origen-copia\/#breadcrumb","itemListElement":[{"@type":"ListItem","position":1,"name":"Portada","item":"https:\/\/espaciomacedo.com\/"},{"@type":"ListItem","position":2,"name":"Tienda","item":"https:\/\/espaciomacedo.com\/tienda\/"},{"@type":"ListItem","position":3,"name":"Vestido Bruma"}]},{"@type":"WebSite","@id":"https:\/\/espaciomacedo.com\/#website","url":"https:\/\/espaciomacedo.com\/","name":"Espacio Macedo","description":"Indumentaria Artesanal Femenina","publisher":{"@id":"https:\/\/espaciomacedo.com\/#organization"},"potentialAction":[{"@type":"SearchAction","target":{"@type":"EntryPoint","urlTemplate":"https:\/\/espaciomacedo.com\/?s={search_term_string}"},"query-input":{"@type":"PropertyValueSpecification","valueRequired":true,"valueName":"search_term_string"}}],"inLanguage":"en-US"},{"@type":"Organization","@id":"https:\/\/espaciomacedo.com\/#organization","name":"Espacio Macedo","url":"https:\/\/espaciomacedo.com\/","logo":{"@type":"ImageObject","inLanguage":"en-US","@id":"https:\/\/espaciomacedo.com\/#\/schema\/logo\/image\/","url":"https:\/\/espaciomacedo.com\/wp-content\/uploads\/2024\/01\/logo-espaciomacedo-02.webp","contentUrl":"https:\/\/espaciomacedo.com\/wp-content\/uploads\/2024\/01\/logo-espaciomacedo-02.webp","width":696,"height":696,"caption":"Espacio Macedo"},"image":{"@id":"https:\/\/espaciomacedo.com\/#\/schema\/logo\/image\/"},"sameAs":["https:\/\/www.facebook.com\/espaciomacedo\/","https:\/\/www.instagram.com\/espacio_macedo\/"]}]}},"_links":{"self":[{"href":"https:\/\/espaciomacedo.com\/en\/wp-json\/wp\/v2\/product\/5002","targetHints":{"allow":["GET"]}}],"collection":[{"href":"https:\/\/espaciomacedo.com\/en\/wp-json\/wp\/v2\/product"}],"about":[{"href":"https:\/\/espaciomacedo.com\/en\/wp-json\/wp\/v2\/types\/product"}],"replies":[{"embeddable":true,"href":"https:\/\/espaciomacedo.com\/en\/wp-json\/wp\/v2\/comments?post=5002"}],"wp:featuredmedia":[{"embeddable":true,"href":"https:\/\/espaciomacedo.com\/en\/wp-json\/wp\/v2\/media\/5005"}],"wp:attachment":[{"href":"https:\/\/espaciomacedo.com\/en\/wp-json\/wp\/v2\/media?parent=5002"}],"wp:term":[{"taxonomy":"product_brand","embeddable":true,"href":"https:\/\/espaciomacedo.com\/en\/wp-json\/wp\/v2\/product_brand?post=5002"},{"taxonomy":"product_cat","embeddable":true,"href":"https:\/\/espaciomacedo.com\/en\/wp-json\/wp\/v2\/product_cat?post=5002"},{"taxonomy":"product_tag","embeddable":true,"href":"https:\/\/espaciomacedo.com\/en\/wp-json\/wp\/v2\/product_tag?post=5002"}],"curies":[{"name":"wp","href":"https:\/\/api.w.org\/{rel}","templated":true}]}}