{"id":4985,"date":"2025-11-20T12:46:04","date_gmt":"2025-11-20T15:46:04","guid":{"rendered":"https:\/\/espaciomacedo.com\/?post_type=product&#038;p=4985"},"modified":"2026-02-05T18:22:30","modified_gmt":"2026-02-05T21:22:30","slug":"pollera-indian","status":"publish","type":"product","link":"https:\/\/espaciomacedo.com\/en\/product\/pollera-indian\/","title":{"rendered":"Pollera Indian"},"content":{"rendered":"<p data-path-to-node=\"16\">El verano pide naturalidad y nuestra nueva pollera de <b>100% Chaguar<\/b> lo entiende todo.<\/p>\n<p data-path-to-node=\"17\">Con una paleta de <b>tonos tierra<\/b> (desde el crudo hasta el tostado), es la aliada perfecta para esos d\u00edas de sol donde busc\u00e1s frescura pero con mucha personalidad. El chaguar aporta esa estructura y trama r\u00fastica que levanta cualquier look, ya sea con una camisa de lino o un top b\u00e1sico.<\/p>\n<p data-path-to-node=\"18\">\ud83d\udd25 <b>El Must-have de la temporada:<\/b><\/p>\n<ul data-path-to-node=\"19\">\n<li>\n<p data-path-to-node=\"19,0,0\"><b>Vers\u00e1til:<\/b> De la playa a la ciudad.<\/p>\n<\/li>\n<li>\n<p data-path-to-node=\"19,1,0\"><b>Aut\u00e9ntica:<\/b> 0% pl\u00e1stico, 100% fibra silvestre.<\/p>\n<\/li>\n<li>\n<p data-path-to-node=\"19,2,0\"><b>Exclusiva:<\/b> No hay dos iguales.<\/p>\n<\/li>\n<\/ul>\n<p data-path-to-node=\"20\">\u00bfTe anim\u00e1s a sumar texturas nativas a tu look?<\/p>","protected":false},"excerpt":{"rendered":"<p>El verano pide naturalidad y nuestra nueva pollera de 100% Chaguar lo entiende todo. Con una paleta de tonos tierra (desde el crudo hasta el tostado), es la aliada perfecta para esos d\u00edas de sol donde busc\u00e1s frescura pero con mucha personalidad. El chaguar aporta esa estructura y trama r\u00fastica que levanta cualquier look, ya [&hellip;]<\/p>\n","protected":false},"featured_media":4986,"comment_status":"closed","ping_status":"closed","template":"","meta":[],"product_brand":[],"product_cat":[25,45,24],"product_tag":[],"class_list":{"0":"post-4985","1":"product","2":"type-product","3":"status-publish","4":"has-post-thumbnail","6":"product_cat-chaguar","7":"product_cat-indumentaria","8":"product_cat-todos","10":"first","11":"outofstock","12":"taxable","13":"shipping-taxable","14":"purchasable","15":"product-type-simple"},"yoast_head":"<!-- This site is optimized with the Yoast SEO plugin v27.5 - https:\/\/yoast.com\/product\/yoast-seo-wordpress\/ -->\n<title>Pollera Indian - Espacio Macedo<\/title>\n<meta name=\"robots\" content=\"index, follow, max-snippet:-1, max-image-preview:large, max-video-preview:-1\" \/>\n<link rel=\"canonical\" href=\"https:\/\/espaciomacedo.com\/en\/product\/pollera-indian\/\" \/>\n<meta property=\"og:locale\" content=\"en_US\" \/>\n<meta property=\"og:type\" content=\"article\" \/>\n<meta property=\"og:title\" content=\"Pollera Indian - Espacio Macedo\" \/>\n<meta property=\"og:description\" content=\"El verano pide naturalidad y nuestra nueva pollera de 100% Chaguar lo entiende todo. Con una paleta de tonos tierra (desde el crudo hasta el tostado), es la aliada perfecta para esos d\u00edas de sol donde busc\u00e1s frescura pero con mucha personalidad. El chaguar aporta esa estructura y trama r\u00fastica que levanta cualquier look, ya [&hellip;]\" \/>\n<meta property=\"og:url\" content=\"https:\/\/espaciomacedo.com\/en\/product\/pollera-indian\/\" \/>\n<meta property=\"og:site_name\" content=\"Espacio Macedo\" \/>\n<meta property=\"article:publisher\" content=\"https:\/\/www.facebook.com\/espaciomacedo\/\" \/>\n<meta property=\"article:modified_time\" content=\"2026-02-05T21:22:30+00:00\" \/>\n<meta property=\"og:image\" content=\"https:\/\/espaciomacedo.com\/wp-content\/uploads\/2025\/11\/IMG_5711.jpeg\" \/>\n\t<meta property=\"og:image:width\" content=\"1080\" \/>\n\t<meta property=\"og:image:height\" content=\"1440\" \/>\n\t<meta property=\"og:image:type\" content=\"image\/jpeg\" \/>\n<meta name=\"twitter:card\" content=\"summary_large_image\" \/>\n<script type=\"application\/ld+json\" class=\"yoast-schema-graph\">{\"@context\":\"https:\\\/\\\/schema.org\",\"@graph\":[{\"@type\":\"WebPage\",\"@id\":\"https:\\\/\\\/espaciomacedo.com\\\/producto\\\/pollera-indian\\\/\",\"url\":\"https:\\\/\\\/espaciomacedo.com\\\/producto\\\/pollera-indian\\\/\",\"name\":\"Pollera Indian - Espacio Macedo\",\"isPartOf\":{\"@id\":\"https:\\\/\\\/espaciomacedo.com\\\/#website\"},\"primaryImageOfPage\":{\"@id\":\"https:\\\/\\\/espaciomacedo.com\\\/producto\\\/pollera-indian\\\/#primaryimage\"},\"image\":{\"@id\":\"https:\\\/\\\/espaciomacedo.com\\\/producto\\\/pollera-indian\\\/#primaryimage\"},\"thumbnailUrl\":\"https:\\\/\\\/espaciomacedo.com\\\/wp-content\\\/uploads\\\/2025\\\/11\\\/IMG_5711.jpeg\",\"datePublished\":\"2025-11-20T15:46:04+00:00\",\"dateModified\":\"2026-02-05T21:22:30+00:00\",\"breadcrumb\":{\"@id\":\"https:\\\/\\\/espaciomacedo.com\\\/producto\\\/pollera-indian\\\/#breadcrumb\"},\"inLanguage\":\"en-US\",\"potentialAction\":[{\"@type\":\"ReadAction\",\"target\":[\"https:\\\/\\\/espaciomacedo.com\\\/producto\\\/pollera-indian\\\/\"]}]},{\"@type\":\"ImageObject\",\"inLanguage\":\"en-US\",\"@id\":\"https:\\\/\\\/espaciomacedo.com\\\/producto\\\/pollera-indian\\\/#primaryimage\",\"url\":\"https:\\\/\\\/espaciomacedo.com\\\/wp-content\\\/uploads\\\/2025\\\/11\\\/IMG_5711.jpeg\",\"contentUrl\":\"https:\\\/\\\/espaciomacedo.com\\\/wp-content\\\/uploads\\\/2025\\\/11\\\/IMG_5711.jpeg\",\"width\":1080,\"height\":1440},{\"@type\":\"BreadcrumbList\",\"@id\":\"https:\\\/\\\/espaciomacedo.com\\\/producto\\\/pollera-indian\\\/#breadcrumb\",\"itemListElement\":[{\"@type\":\"ListItem\",\"position\":1,\"name\":\"Portada\",\"item\":\"https:\\\/\\\/espaciomacedo.com\\\/\"},{\"@type\":\"ListItem\",\"position\":2,\"name\":\"Tienda\",\"item\":\"https:\\\/\\\/espaciomacedo.com\\\/tienda\\\/\"},{\"@type\":\"ListItem\",\"position\":3,\"name\":\"Pollera Indian\"}]},{\"@type\":\"WebSite\",\"@id\":\"https:\\\/\\\/espaciomacedo.com\\\/#website\",\"url\":\"https:\\\/\\\/espaciomacedo.com\\\/\",\"name\":\"Espacio Macedo\",\"description\":\"Indumentaria Artesanal Femenina\",\"publisher\":{\"@id\":\"https:\\\/\\\/espaciomacedo.com\\\/#organization\"},\"potentialAction\":[{\"@type\":\"SearchAction\",\"target\":{\"@type\":\"EntryPoint\",\"urlTemplate\":\"https:\\\/\\\/espaciomacedo.com\\\/?s={search_term_string}\"},\"query-input\":{\"@type\":\"PropertyValueSpecification\",\"valueRequired\":true,\"valueName\":\"search_term_string\"}}],\"inLanguage\":\"en-US\"},{\"@type\":\"Organization\",\"@id\":\"https:\\\/\\\/espaciomacedo.com\\\/#organization\",\"name\":\"Espacio Macedo\",\"url\":\"https:\\\/\\\/espaciomacedo.com\\\/\",\"logo\":{\"@type\":\"ImageObject\",\"inLanguage\":\"en-US\",\"@id\":\"https:\\\/\\\/espaciomacedo.com\\\/#\\\/schema\\\/logo\\\/image\\\/\",\"url\":\"https:\\\/\\\/espaciomacedo.com\\\/wp-content\\\/uploads\\\/2024\\\/01\\\/logo-espaciomacedo-02.webp\",\"contentUrl\":\"https:\\\/\\\/espaciomacedo.com\\\/wp-content\\\/uploads\\\/2024\\\/01\\\/logo-espaciomacedo-02.webp\",\"width\":696,\"height\":696,\"caption\":\"Espacio Macedo\"},\"image\":{\"@id\":\"https:\\\/\\\/espaciomacedo.com\\\/#\\\/schema\\\/logo\\\/image\\\/\"},\"sameAs\":[\"https:\\\/\\\/www.facebook.com\\\/espaciomacedo\\\/\",\"https:\\\/\\\/www.instagram.com\\\/espacio_macedo\\\/\"]}]}<\/script>\n<!-- \/ Yoast SEO plugin. -->","yoast_head_json":{"title":"Pollera Indian - Espacio Macedo","robots":{"index":"index","follow":"follow","max-snippet":"max-snippet:-1","max-image-preview":"max-image-preview:large","max-video-preview":"max-video-preview:-1"},"canonical":"https:\/\/espaciomacedo.com\/en\/product\/pollera-indian\/","og_locale":"en_US","og_type":"article","og_title":"Pollera Indian - Espacio Macedo","og_description":"El verano pide naturalidad y nuestra nueva pollera de 100% Chaguar lo entiende todo. Con una paleta de tonos tierra (desde el crudo hasta el tostado), es la aliada perfecta para esos d\u00edas de sol donde busc\u00e1s frescura pero con mucha personalidad. El chaguar aporta esa estructura y trama r\u00fastica que levanta cualquier look, ya [&hellip;]","og_url":"https:\/\/espaciomacedo.com\/en\/product\/pollera-indian\/","og_site_name":"Espacio Macedo","article_publisher":"https:\/\/www.facebook.com\/espaciomacedo\/","article_modified_time":"2026-02-05T21:22:30+00:00","og_image":[{"width":1080,"height":1440,"url":"https:\/\/espaciomacedo.com\/wp-content\/uploads\/2025\/11\/IMG_5711.jpeg","type":"image\/jpeg"}],"twitter_card":"summary_large_image","schema":{"@context":"https:\/\/schema.org","@graph":[{"@type":"WebPage","@id":"https:\/\/espaciomacedo.com\/producto\/pollera-indian\/","url":"https:\/\/espaciomacedo.com\/producto\/pollera-indian\/","name":"Pollera Indian - Espacio Macedo","isPartOf":{"@id":"https:\/\/espaciomacedo.com\/#website"},"primaryImageOfPage":{"@id":"https:\/\/espaciomacedo.com\/producto\/pollera-indian\/#primaryimage"},"image":{"@id":"https:\/\/espaciomacedo.com\/producto\/pollera-indian\/#primaryimage"},"thumbnailUrl":"https:\/\/espaciomacedo.com\/wp-content\/uploads\/2025\/11\/IMG_5711.jpeg","datePublished":"2025-11-20T15:46:04+00:00","dateModified":"2026-02-05T21:22:30+00:00","breadcrumb":{"@id":"https:\/\/espaciomacedo.com\/producto\/pollera-indian\/#breadcrumb"},"inLanguage":"en-US","potentialAction":[{"@type":"ReadAction","target":["https:\/\/espaciomacedo.com\/producto\/pollera-indian\/"]}]},{"@type":"ImageObject","inLanguage":"en-US","@id":"https:\/\/espaciomacedo.com\/producto\/pollera-indian\/#primaryimage","url":"https:\/\/espaciomacedo.com\/wp-content\/uploads\/2025\/11\/IMG_5711.jpeg","contentUrl":"https:\/\/espaciomacedo.com\/wp-content\/uploads\/2025\/11\/IMG_5711.jpeg","width":1080,"height":1440},{"@type":"BreadcrumbList","@id":"https:\/\/espaciomacedo.com\/producto\/pollera-indian\/#breadcrumb","itemListElement":[{"@type":"ListItem","position":1,"name":"Portada","item":"https:\/\/espaciomacedo.com\/"},{"@type":"ListItem","position":2,"name":"Tienda","item":"https:\/\/espaciomacedo.com\/tienda\/"},{"@type":"ListItem","position":3,"name":"Pollera Indian"}]},{"@type":"WebSite","@id":"https:\/\/espaciomacedo.com\/#website","url":"https:\/\/espaciomacedo.com\/","name":"Espacio Macedo","description":"Indumentaria Artesanal Femenina","publisher":{"@id":"https:\/\/espaciomacedo.com\/#organization"},"potentialAction":[{"@type":"SearchAction","target":{"@type":"EntryPoint","urlTemplate":"https:\/\/espaciomacedo.com\/?s={search_term_string}"},"query-input":{"@type":"PropertyValueSpecification","valueRequired":true,"valueName":"search_term_string"}}],"inLanguage":"en-US"},{"@type":"Organization","@id":"https:\/\/espaciomacedo.com\/#organization","name":"Espacio Macedo","url":"https:\/\/espaciomacedo.com\/","logo":{"@type":"ImageObject","inLanguage":"en-US","@id":"https:\/\/espaciomacedo.com\/#\/schema\/logo\/image\/","url":"https:\/\/espaciomacedo.com\/wp-content\/uploads\/2024\/01\/logo-espaciomacedo-02.webp","contentUrl":"https:\/\/espaciomacedo.com\/wp-content\/uploads\/2024\/01\/logo-espaciomacedo-02.webp","width":696,"height":696,"caption":"Espacio Macedo"},"image":{"@id":"https:\/\/espaciomacedo.com\/#\/schema\/logo\/image\/"},"sameAs":["https:\/\/www.facebook.com\/espaciomacedo\/","https:\/\/www.instagram.com\/espacio_macedo\/"]}]}},"_links":{"self":[{"href":"https:\/\/espaciomacedo.com\/en\/wp-json\/wp\/v2\/product\/4985","targetHints":{"allow":["GET"]}}],"collection":[{"href":"https:\/\/espaciomacedo.com\/en\/wp-json\/wp\/v2\/product"}],"about":[{"href":"https:\/\/espaciomacedo.com\/en\/wp-json\/wp\/v2\/types\/product"}],"replies":[{"embeddable":true,"href":"https:\/\/espaciomacedo.com\/en\/wp-json\/wp\/v2\/comments?post=4985"}],"wp:featuredmedia":[{"embeddable":true,"href":"https:\/\/espaciomacedo.com\/en\/wp-json\/wp\/v2\/media\/4986"}],"wp:attachment":[{"href":"https:\/\/espaciomacedo.com\/en\/wp-json\/wp\/v2\/media?parent=4985"}],"wp:term":[{"taxonomy":"product_brand","embeddable":true,"href":"https:\/\/espaciomacedo.com\/en\/wp-json\/wp\/v2\/product_brand?post=4985"},{"taxonomy":"product_cat","embeddable":true,"href":"https:\/\/espaciomacedo.com\/en\/wp-json\/wp\/v2\/product_cat?post=4985"},{"taxonomy":"product_tag","embeddable":true,"href":"https:\/\/espaciomacedo.com\/en\/wp-json\/wp\/v2\/product_tag?post=4985"}],"curies":[{"name":"wp","href":"https:\/\/api.w.org\/{rel}","templated":true}]}}