{"id":4969,"date":"2025-10-20T15:32:52","date_gmt":"2025-10-20T18:32:52","guid":{"rendered":"https:\/\/espaciomacedo.com\/?post_type=product&#038;p=4969"},"modified":"2026-04-13T10:40:40","modified_gmt":"2026-04-13T13:40:40","slug":"sweater-andino-uma","status":"publish","type":"product","link":"https:\/\/espaciomacedo.com\/en\/product\/sweater-andino-uma\/","title":{"rendered":"Sweater Andino Uma"},"content":{"rendered":"<p>Disponible solo en Punta del Este-<\/p>\n<p>&nbsp;<\/p>\n<p>Desde la Quebrada de Humahuaca damos vida a este proyecto textil que rescata t\u00e9cnicas milenarias de la Puna, usando fibras de llama, oveja y vicu\u00f1a, te\u00f1idos con plantas naturales.<\/p>\n<p>Con dise\u00f1os aut\u00e9nticos y sustentables, tejedores andinos nos acercan un pedazo de identidad regional al coraz\u00f3n de la ciudad.<\/p>\n<p>Dise\u00f1o \u00fanico pensado con alma para Espacio Macedo.<\/p>\n<p>Pura lana de llama.<\/p>\n<p>Largo 51cm<\/p>\n<p>Ancho 53 cm<\/p>","protected":false},"excerpt":{"rendered":"<p>Disponible solo en Punta del Este- &nbsp; Desde la Quebrada de Humahuaca damos vida a este proyecto textil que rescata t\u00e9cnicas milenarias de la Puna, usando fibras de llama, oveja y vicu\u00f1a, te\u00f1idos con plantas naturales. Con dise\u00f1os aut\u00e9nticos y sustentables, tejedores andinos nos acercan un pedazo de identidad regional al coraz\u00f3n de la ciudad. [&hellip;]<\/p>\n","protected":false},"featured_media":4963,"comment_status":"closed","ping_status":"closed","template":"","meta":[],"product_brand":[],"product_cat":[15],"product_tag":[],"class_list":{"0":"post-4969","1":"product","2":"type-product","3":"status-publish","4":"has-post-thumbnail","6":"product_cat-sin-categorizar","8":"first","9":"instock","10":"taxable","11":"shipping-taxable","12":"purchasable","13":"product-type-simple"},"yoast_head":"<!-- This site is optimized with the Yoast SEO plugin v27.5 - https:\/\/yoast.com\/product\/yoast-seo-wordpress\/ -->\n<title>Sweater Andino Uma - Espacio Macedo<\/title>\n<meta name=\"robots\" content=\"index, follow, max-snippet:-1, max-image-preview:large, max-video-preview:-1\" \/>\n<link rel=\"canonical\" href=\"https:\/\/espaciomacedo.com\/en\/product\/sweater-andino-uma\/\" \/>\n<meta property=\"og:locale\" content=\"en_US\" \/>\n<meta property=\"og:type\" content=\"article\" \/>\n<meta property=\"og:title\" content=\"Sweater Andino Uma - Espacio Macedo\" \/>\n<meta property=\"og:description\" content=\"Disponible solo en Punta del Este- &nbsp; Desde la Quebrada de Humahuaca damos vida a este proyecto textil que rescata t\u00e9cnicas milenarias de la Puna, usando fibras de llama, oveja y vicu\u00f1a, te\u00f1idos con plantas naturales. Con dise\u00f1os aut\u00e9nticos y sustentables, tejedores andinos nos acercan un pedazo de identidad regional al coraz\u00f3n de la ciudad. [&hellip;]\" \/>\n<meta property=\"og:url\" content=\"https:\/\/espaciomacedo.com\/en\/product\/sweater-andino-uma\/\" \/>\n<meta property=\"og:site_name\" content=\"Espacio Macedo\" \/>\n<meta property=\"article:publisher\" content=\"https:\/\/www.facebook.com\/espaciomacedo\/\" \/>\n<meta property=\"article:modified_time\" content=\"2026-04-13T13:40:40+00:00\" \/>\n<meta property=\"og:image\" content=\"https:\/\/espaciomacedo.com\/wp-content\/uploads\/2025\/10\/IMG_5502.jpeg\" \/>\n\t<meta property=\"og:image:width\" content=\"1080\" \/>\n\t<meta property=\"og:image:height\" content=\"1440\" \/>\n\t<meta property=\"og:image:type\" content=\"image\/jpeg\" \/>\n<meta name=\"twitter:card\" content=\"summary_large_image\" \/>\n<script type=\"application\/ld+json\" class=\"yoast-schema-graph\">{\"@context\":\"https:\\\/\\\/schema.org\",\"@graph\":[{\"@type\":\"WebPage\",\"@id\":\"https:\\\/\\\/espaciomacedo.com\\\/producto\\\/sweater-andino-uma\\\/\",\"url\":\"https:\\\/\\\/espaciomacedo.com\\\/producto\\\/sweater-andino-uma\\\/\",\"name\":\"Sweater Andino Uma - Espacio Macedo\",\"isPartOf\":{\"@id\":\"https:\\\/\\\/espaciomacedo.com\\\/#website\"},\"primaryImageOfPage\":{\"@id\":\"https:\\\/\\\/espaciomacedo.com\\\/producto\\\/sweater-andino-uma\\\/#primaryimage\"},\"image\":{\"@id\":\"https:\\\/\\\/espaciomacedo.com\\\/producto\\\/sweater-andino-uma\\\/#primaryimage\"},\"thumbnailUrl\":\"https:\\\/\\\/espaciomacedo.com\\\/wp-content\\\/uploads\\\/2025\\\/10\\\/IMG_5502.jpeg\",\"datePublished\":\"2025-10-20T18:32:52+00:00\",\"dateModified\":\"2026-04-13T13:40:40+00:00\",\"breadcrumb\":{\"@id\":\"https:\\\/\\\/espaciomacedo.com\\\/producto\\\/sweater-andino-uma\\\/#breadcrumb\"},\"inLanguage\":\"en-US\",\"potentialAction\":[{\"@type\":\"ReadAction\",\"target\":[\"https:\\\/\\\/espaciomacedo.com\\\/producto\\\/sweater-andino-uma\\\/\"]}]},{\"@type\":\"ImageObject\",\"inLanguage\":\"en-US\",\"@id\":\"https:\\\/\\\/espaciomacedo.com\\\/producto\\\/sweater-andino-uma\\\/#primaryimage\",\"url\":\"https:\\\/\\\/espaciomacedo.com\\\/wp-content\\\/uploads\\\/2025\\\/10\\\/IMG_5502.jpeg\",\"contentUrl\":\"https:\\\/\\\/espaciomacedo.com\\\/wp-content\\\/uploads\\\/2025\\\/10\\\/IMG_5502.jpeg\",\"width\":1080,\"height\":1440},{\"@type\":\"BreadcrumbList\",\"@id\":\"https:\\\/\\\/espaciomacedo.com\\\/producto\\\/sweater-andino-uma\\\/#breadcrumb\",\"itemListElement\":[{\"@type\":\"ListItem\",\"position\":1,\"name\":\"Portada\",\"item\":\"https:\\\/\\\/espaciomacedo.com\\\/\"},{\"@type\":\"ListItem\",\"position\":2,\"name\":\"Tienda\",\"item\":\"https:\\\/\\\/espaciomacedo.com\\\/tienda\\\/\"},{\"@type\":\"ListItem\",\"position\":3,\"name\":\"Sweater Andino Uma\"}]},{\"@type\":\"WebSite\",\"@id\":\"https:\\\/\\\/espaciomacedo.com\\\/#website\",\"url\":\"https:\\\/\\\/espaciomacedo.com\\\/\",\"name\":\"Espacio Macedo\",\"description\":\"Indumentaria Artesanal Femenina\",\"publisher\":{\"@id\":\"https:\\\/\\\/espaciomacedo.com\\\/#organization\"},\"potentialAction\":[{\"@type\":\"SearchAction\",\"target\":{\"@type\":\"EntryPoint\",\"urlTemplate\":\"https:\\\/\\\/espaciomacedo.com\\\/?s={search_term_string}\"},\"query-input\":{\"@type\":\"PropertyValueSpecification\",\"valueRequired\":true,\"valueName\":\"search_term_string\"}}],\"inLanguage\":\"en-US\"},{\"@type\":\"Organization\",\"@id\":\"https:\\\/\\\/espaciomacedo.com\\\/#organization\",\"name\":\"Espacio Macedo\",\"url\":\"https:\\\/\\\/espaciomacedo.com\\\/\",\"logo\":{\"@type\":\"ImageObject\",\"inLanguage\":\"en-US\",\"@id\":\"https:\\\/\\\/espaciomacedo.com\\\/#\\\/schema\\\/logo\\\/image\\\/\",\"url\":\"https:\\\/\\\/espaciomacedo.com\\\/wp-content\\\/uploads\\\/2024\\\/01\\\/logo-espaciomacedo-02.webp\",\"contentUrl\":\"https:\\\/\\\/espaciomacedo.com\\\/wp-content\\\/uploads\\\/2024\\\/01\\\/logo-espaciomacedo-02.webp\",\"width\":696,\"height\":696,\"caption\":\"Espacio Macedo\"},\"image\":{\"@id\":\"https:\\\/\\\/espaciomacedo.com\\\/#\\\/schema\\\/logo\\\/image\\\/\"},\"sameAs\":[\"https:\\\/\\\/www.facebook.com\\\/espaciomacedo\\\/\",\"https:\\\/\\\/www.instagram.com\\\/espacio_macedo\\\/\"]}]}<\/script>\n<!-- \/ Yoast SEO plugin. -->","yoast_head_json":{"title":"Sweater Andino Uma - Espacio Macedo","robots":{"index":"index","follow":"follow","max-snippet":"max-snippet:-1","max-image-preview":"max-image-preview:large","max-video-preview":"max-video-preview:-1"},"canonical":"https:\/\/espaciomacedo.com\/en\/product\/sweater-andino-uma\/","og_locale":"en_US","og_type":"article","og_title":"Sweater Andino Uma - Espacio Macedo","og_description":"Disponible solo en Punta del Este- &nbsp; Desde la Quebrada de Humahuaca damos vida a este proyecto textil que rescata t\u00e9cnicas milenarias de la Puna, usando fibras de llama, oveja y vicu\u00f1a, te\u00f1idos con plantas naturales. Con dise\u00f1os aut\u00e9nticos y sustentables, tejedores andinos nos acercan un pedazo de identidad regional al coraz\u00f3n de la ciudad. [&hellip;]","og_url":"https:\/\/espaciomacedo.com\/en\/product\/sweater-andino-uma\/","og_site_name":"Espacio Macedo","article_publisher":"https:\/\/www.facebook.com\/espaciomacedo\/","article_modified_time":"2026-04-13T13:40:40+00:00","og_image":[{"width":1080,"height":1440,"url":"https:\/\/espaciomacedo.com\/wp-content\/uploads\/2025\/10\/IMG_5502.jpeg","type":"image\/jpeg"}],"twitter_card":"summary_large_image","schema":{"@context":"https:\/\/schema.org","@graph":[{"@type":"WebPage","@id":"https:\/\/espaciomacedo.com\/producto\/sweater-andino-uma\/","url":"https:\/\/espaciomacedo.com\/producto\/sweater-andino-uma\/","name":"Sweater Andino Uma - Espacio Macedo","isPartOf":{"@id":"https:\/\/espaciomacedo.com\/#website"},"primaryImageOfPage":{"@id":"https:\/\/espaciomacedo.com\/producto\/sweater-andino-uma\/#primaryimage"},"image":{"@id":"https:\/\/espaciomacedo.com\/producto\/sweater-andino-uma\/#primaryimage"},"thumbnailUrl":"https:\/\/espaciomacedo.com\/wp-content\/uploads\/2025\/10\/IMG_5502.jpeg","datePublished":"2025-10-20T18:32:52+00:00","dateModified":"2026-04-13T13:40:40+00:00","breadcrumb":{"@id":"https:\/\/espaciomacedo.com\/producto\/sweater-andino-uma\/#breadcrumb"},"inLanguage":"en-US","potentialAction":[{"@type":"ReadAction","target":["https:\/\/espaciomacedo.com\/producto\/sweater-andino-uma\/"]}]},{"@type":"ImageObject","inLanguage":"en-US","@id":"https:\/\/espaciomacedo.com\/producto\/sweater-andino-uma\/#primaryimage","url":"https:\/\/espaciomacedo.com\/wp-content\/uploads\/2025\/10\/IMG_5502.jpeg","contentUrl":"https:\/\/espaciomacedo.com\/wp-content\/uploads\/2025\/10\/IMG_5502.jpeg","width":1080,"height":1440},{"@type":"BreadcrumbList","@id":"https:\/\/espaciomacedo.com\/producto\/sweater-andino-uma\/#breadcrumb","itemListElement":[{"@type":"ListItem","position":1,"name":"Portada","item":"https:\/\/espaciomacedo.com\/"},{"@type":"ListItem","position":2,"name":"Tienda","item":"https:\/\/espaciomacedo.com\/tienda\/"},{"@type":"ListItem","position":3,"name":"Sweater Andino Uma"}]},{"@type":"WebSite","@id":"https:\/\/espaciomacedo.com\/#website","url":"https:\/\/espaciomacedo.com\/","name":"Espacio Macedo","description":"Indumentaria Artesanal Femenina","publisher":{"@id":"https:\/\/espaciomacedo.com\/#organization"},"potentialAction":[{"@type":"SearchAction","target":{"@type":"EntryPoint","urlTemplate":"https:\/\/espaciomacedo.com\/?s={search_term_string}"},"query-input":{"@type":"PropertyValueSpecification","valueRequired":true,"valueName":"search_term_string"}}],"inLanguage":"en-US"},{"@type":"Organization","@id":"https:\/\/espaciomacedo.com\/#organization","name":"Espacio Macedo","url":"https:\/\/espaciomacedo.com\/","logo":{"@type":"ImageObject","inLanguage":"en-US","@id":"https:\/\/espaciomacedo.com\/#\/schema\/logo\/image\/","url":"https:\/\/espaciomacedo.com\/wp-content\/uploads\/2024\/01\/logo-espaciomacedo-02.webp","contentUrl":"https:\/\/espaciomacedo.com\/wp-content\/uploads\/2024\/01\/logo-espaciomacedo-02.webp","width":696,"height":696,"caption":"Espacio Macedo"},"image":{"@id":"https:\/\/espaciomacedo.com\/#\/schema\/logo\/image\/"},"sameAs":["https:\/\/www.facebook.com\/espaciomacedo\/","https:\/\/www.instagram.com\/espacio_macedo\/"]}]}},"_links":{"self":[{"href":"https:\/\/espaciomacedo.com\/en\/wp-json\/wp\/v2\/product\/4969","targetHints":{"allow":["GET"]}}],"collection":[{"href":"https:\/\/espaciomacedo.com\/en\/wp-json\/wp\/v2\/product"}],"about":[{"href":"https:\/\/espaciomacedo.com\/en\/wp-json\/wp\/v2\/types\/product"}],"replies":[{"embeddable":true,"href":"https:\/\/espaciomacedo.com\/en\/wp-json\/wp\/v2\/comments?post=4969"}],"wp:featuredmedia":[{"embeddable":true,"href":"https:\/\/espaciomacedo.com\/en\/wp-json\/wp\/v2\/media\/4963"}],"wp:attachment":[{"href":"https:\/\/espaciomacedo.com\/en\/wp-json\/wp\/v2\/media?parent=4969"}],"wp:term":[{"taxonomy":"product_brand","embeddable":true,"href":"https:\/\/espaciomacedo.com\/en\/wp-json\/wp\/v2\/product_brand?post=4969"},{"taxonomy":"product_cat","embeddable":true,"href":"https:\/\/espaciomacedo.com\/en\/wp-json\/wp\/v2\/product_cat?post=4969"},{"taxonomy":"product_tag","embeddable":true,"href":"https:\/\/espaciomacedo.com\/en\/wp-json\/wp\/v2\/product_tag?post=4969"}],"curies":[{"name":"wp","href":"https:\/\/api.w.org\/{rel}","templated":true}]}}