{"id":4653,"date":"2025-06-05T17:07:05","date_gmt":"2025-06-05T20:07:05","guid":{"rendered":"https:\/\/espaciomacedo.com\/?post_type=product&#038;p=4653"},"modified":"2026-03-23T09:43:26","modified_gmt":"2026-03-23T12:43:26","slug":"sweater-andino-west","status":"publish","type":"product","link":"https:\/\/espaciomacedo.com\/en\/product\/sweater-andino-west\/","title":{"rendered":"Sweater Andino West"},"content":{"rendered":"<p>Sweater en pura lana de llama, realizada por tejedoras andinas exclusivamente para Espacio Macedo.<\/p>\n<p><span style=\"font-family: -apple-system, BlinkMacSystemFont, 'Segoe UI', Roboto, 'Helvetica Neue', Arial, 'Noto Sans', sans-serif, 'Apple Color Emoji', 'Segoe UI Emoji', 'Segoe UI Symbol', 'Noto Color Emoji';\">Dise\u00f1o \u00fanico realizado con tintes naturales.<\/span><\/p>\n<p>Pieza artesanal cargada de significado e identidad cultural andina, a partir de la transmisi\u00f3n y protecci\u00f3n de t\u00e9cnicas de tejido ancestral.<\/p>\n<p>Following our purpose, we deliver our products in muslin bags made by A.N.A., an acronym that stands for\u00a0<b>\"Someone Needs Help\" in Spanish.<\/b><br \/>\nEverything that happens in ANA has a charitable purpose: each sale generates a donation of 10 plates of food for the Food Bank Foundation, collaborating with the mission of reducing hunger for those that are in most need of it.<b><br \/>\nZero Waste:<\/b>\u00a0All trimmings become part of the final packaging of the product, thus achieving:<br \/>\n1) Minimizing waste to the maximum.<br \/>\n2) Generating more employment.<br \/>\nTheir pursuit is based on the impact we have on the lives of others: \"We want to\u00a0<b>raise awareness about the social problems<\/b>\u00a0of our country and become a bridge between those who can donate and those civil organizations dedicated to solving these problems\".<\/p>\n<p><b>For each Macedo bag, we are donating 10 plates of food to the Food Bank Foundation.<\/b><\/p>\n<p>Este modelo SW Andino West se encuentra disponible en talle S<\/p>\n<p>&nbsp;<\/p>","protected":false},"excerpt":{"rendered":"<p>Sweater en pura lana de llama, realizada por tejedoras andinas exclusivamente para Espacio Macedo. Dise\u00f1o \u00fanico realizado con tintes naturales. Pieza artesanal cargada de significado e identidad cultural andina, a partir de la transmisi\u00f3n y protecci\u00f3n de t\u00e9cnicas de tejido ancestral. Siguiendo la l\u00ednea de nuestro prop\u00f3sito, entregamos nuestros productos en bolsitas de gasa realizadas [&hellip;]<\/p>\n","protected":false},"featured_media":4786,"comment_status":"closed","ping_status":"closed","template":"","meta":[],"product_brand":[],"product_cat":[26,24],"product_tag":[],"class_list":{"0":"post-4653","1":"product","2":"type-product","3":"status-publish","4":"has-post-thumbnail","6":"product_cat-lana","7":"product_cat-todos","9":"first","10":"outofstock","11":"taxable","12":"shipping-taxable","13":"product-type-simple"},"yoast_head":"<!-- This site is optimized with the Yoast SEO plugin v27.5 - https:\/\/yoast.com\/product\/yoast-seo-wordpress\/ -->\n<title>Sweater Andino West - Espacio Macedo<\/title>\n<meta name=\"robots\" content=\"index, follow, max-snippet:-1, max-image-preview:large, max-video-preview:-1\" \/>\n<link rel=\"canonical\" href=\"https:\/\/espaciomacedo.com\/en\/product\/sweater-andino-west\/\" \/>\n<meta property=\"og:locale\" content=\"en_US\" \/>\n<meta property=\"og:type\" content=\"article\" \/>\n<meta property=\"og:title\" content=\"Sweater Andino West - Espacio Macedo\" \/>\n<meta property=\"og:description\" content=\"Sweater en pura lana de llama, realizada por tejedoras andinas exclusivamente para Espacio Macedo. Dise\u00f1o \u00fanico realizado con tintes naturales. Pieza artesanal cargada de significado e identidad cultural andina, a partir de la transmisi\u00f3n y protecci\u00f3n de t\u00e9cnicas de tejido ancestral. Siguiendo la l\u00ednea de nuestro prop\u00f3sito, entregamos nuestros productos en bolsitas de gasa realizadas [&hellip;]\" \/>\n<meta property=\"og:url\" content=\"https:\/\/espaciomacedo.com\/en\/product\/sweater-andino-west\/\" \/>\n<meta property=\"og:site_name\" content=\"Espacio Macedo\" \/>\n<meta property=\"article:publisher\" content=\"https:\/\/www.facebook.com\/espaciomacedo\/\" \/>\n<meta property=\"article:modified_time\" content=\"2026-03-23T12:43:26+00:00\" \/>\n<meta property=\"og:image\" content=\"https:\/\/espaciomacedo.com\/wp-content\/uploads\/2025\/06\/BE929585-7BB8-4015-9F57-9B18D5886636_1_105_c.jpeg\" \/>\n\t<meta property=\"og:image:width\" content=\"768\" \/>\n\t<meta property=\"og:image:height\" content=\"1024\" \/>\n\t<meta property=\"og:image:type\" content=\"image\/jpeg\" \/>\n<meta name=\"twitter:card\" content=\"summary_large_image\" \/>\n<script type=\"application\/ld+json\" class=\"yoast-schema-graph\">{\"@context\":\"https:\\\/\\\/schema.org\",\"@graph\":[{\"@type\":\"WebPage\",\"@id\":\"https:\\\/\\\/espaciomacedo.com\\\/producto\\\/sweater-andino-west\\\/\",\"url\":\"https:\\\/\\\/espaciomacedo.com\\\/producto\\\/sweater-andino-west\\\/\",\"name\":\"Sweater Andino West - Espacio Macedo\",\"isPartOf\":{\"@id\":\"https:\\\/\\\/espaciomacedo.com\\\/#website\"},\"primaryImageOfPage\":{\"@id\":\"https:\\\/\\\/espaciomacedo.com\\\/producto\\\/sweater-andino-west\\\/#primaryimage\"},\"image\":{\"@id\":\"https:\\\/\\\/espaciomacedo.com\\\/producto\\\/sweater-andino-west\\\/#primaryimage\"},\"thumbnailUrl\":\"https:\\\/\\\/espaciomacedo.com\\\/wp-content\\\/uploads\\\/2025\\\/06\\\/BE929585-7BB8-4015-9F57-9B18D5886636_1_105_c.jpeg\",\"datePublished\":\"2025-06-05T20:07:05+00:00\",\"dateModified\":\"2026-03-23T12:43:26+00:00\",\"breadcrumb\":{\"@id\":\"https:\\\/\\\/espaciomacedo.com\\\/producto\\\/sweater-andino-west\\\/#breadcrumb\"},\"inLanguage\":\"en-US\",\"potentialAction\":[{\"@type\":\"ReadAction\",\"target\":[\"https:\\\/\\\/espaciomacedo.com\\\/producto\\\/sweater-andino-west\\\/\"]}]},{\"@type\":\"ImageObject\",\"inLanguage\":\"en-US\",\"@id\":\"https:\\\/\\\/espaciomacedo.com\\\/producto\\\/sweater-andino-west\\\/#primaryimage\",\"url\":\"https:\\\/\\\/espaciomacedo.com\\\/wp-content\\\/uploads\\\/2025\\\/06\\\/BE929585-7BB8-4015-9F57-9B18D5886636_1_105_c.jpeg\",\"contentUrl\":\"https:\\\/\\\/espaciomacedo.com\\\/wp-content\\\/uploads\\\/2025\\\/06\\\/BE929585-7BB8-4015-9F57-9B18D5886636_1_105_c.jpeg\",\"width\":768,\"height\":1024},{\"@type\":\"BreadcrumbList\",\"@id\":\"https:\\\/\\\/espaciomacedo.com\\\/producto\\\/sweater-andino-west\\\/#breadcrumb\",\"itemListElement\":[{\"@type\":\"ListItem\",\"position\":1,\"name\":\"Portada\",\"item\":\"https:\\\/\\\/espaciomacedo.com\\\/\"},{\"@type\":\"ListItem\",\"position\":2,\"name\":\"Tienda\",\"item\":\"https:\\\/\\\/espaciomacedo.com\\\/tienda\\\/\"},{\"@type\":\"ListItem\",\"position\":3,\"name\":\"Sweater Andino West\"}]},{\"@type\":\"WebSite\",\"@id\":\"https:\\\/\\\/espaciomacedo.com\\\/#website\",\"url\":\"https:\\\/\\\/espaciomacedo.com\\\/\",\"name\":\"Espacio Macedo\",\"description\":\"Indumentaria Artesanal Femenina\",\"publisher\":{\"@id\":\"https:\\\/\\\/espaciomacedo.com\\\/#organization\"},\"potentialAction\":[{\"@type\":\"SearchAction\",\"target\":{\"@type\":\"EntryPoint\",\"urlTemplate\":\"https:\\\/\\\/espaciomacedo.com\\\/?s={search_term_string}\"},\"query-input\":{\"@type\":\"PropertyValueSpecification\",\"valueRequired\":true,\"valueName\":\"search_term_string\"}}],\"inLanguage\":\"en-US\"},{\"@type\":\"Organization\",\"@id\":\"https:\\\/\\\/espaciomacedo.com\\\/#organization\",\"name\":\"Espacio Macedo\",\"url\":\"https:\\\/\\\/espaciomacedo.com\\\/\",\"logo\":{\"@type\":\"ImageObject\",\"inLanguage\":\"en-US\",\"@id\":\"https:\\\/\\\/espaciomacedo.com\\\/#\\\/schema\\\/logo\\\/image\\\/\",\"url\":\"https:\\\/\\\/espaciomacedo.com\\\/wp-content\\\/uploads\\\/2024\\\/01\\\/logo-espaciomacedo-02.webp\",\"contentUrl\":\"https:\\\/\\\/espaciomacedo.com\\\/wp-content\\\/uploads\\\/2024\\\/01\\\/logo-espaciomacedo-02.webp\",\"width\":696,\"height\":696,\"caption\":\"Espacio Macedo\"},\"image\":{\"@id\":\"https:\\\/\\\/espaciomacedo.com\\\/#\\\/schema\\\/logo\\\/image\\\/\"},\"sameAs\":[\"https:\\\/\\\/www.facebook.com\\\/espaciomacedo\\\/\",\"https:\\\/\\\/www.instagram.com\\\/espacio_macedo\\\/\"]}]}<\/script>\n<!-- \/ Yoast SEO plugin. -->","yoast_head_json":{"title":"Sweater Andino West - Espacio Macedo","robots":{"index":"index","follow":"follow","max-snippet":"max-snippet:-1","max-image-preview":"max-image-preview:large","max-video-preview":"max-video-preview:-1"},"canonical":"https:\/\/espaciomacedo.com\/en\/product\/sweater-andino-west\/","og_locale":"en_US","og_type":"article","og_title":"Sweater Andino West - Espacio Macedo","og_description":"Sweater en pura lana de llama, realizada por tejedoras andinas exclusivamente para Espacio Macedo. Dise\u00f1o \u00fanico realizado con tintes naturales. Pieza artesanal cargada de significado e identidad cultural andina, a partir de la transmisi\u00f3n y protecci\u00f3n de t\u00e9cnicas de tejido ancestral. Siguiendo la l\u00ednea de nuestro prop\u00f3sito, entregamos nuestros productos en bolsitas de gasa realizadas [&hellip;]","og_url":"https:\/\/espaciomacedo.com\/en\/product\/sweater-andino-west\/","og_site_name":"Espacio Macedo","article_publisher":"https:\/\/www.facebook.com\/espaciomacedo\/","article_modified_time":"2026-03-23T12:43:26+00:00","og_image":[{"width":768,"height":1024,"url":"https:\/\/espaciomacedo.com\/wp-content\/uploads\/2025\/06\/BE929585-7BB8-4015-9F57-9B18D5886636_1_105_c.jpeg","type":"image\/jpeg"}],"twitter_card":"summary_large_image","schema":{"@context":"https:\/\/schema.org","@graph":[{"@type":"WebPage","@id":"https:\/\/espaciomacedo.com\/producto\/sweater-andino-west\/","url":"https:\/\/espaciomacedo.com\/producto\/sweater-andino-west\/","name":"Sweater Andino West - Espacio Macedo","isPartOf":{"@id":"https:\/\/espaciomacedo.com\/#website"},"primaryImageOfPage":{"@id":"https:\/\/espaciomacedo.com\/producto\/sweater-andino-west\/#primaryimage"},"image":{"@id":"https:\/\/espaciomacedo.com\/producto\/sweater-andino-west\/#primaryimage"},"thumbnailUrl":"https:\/\/espaciomacedo.com\/wp-content\/uploads\/2025\/06\/BE929585-7BB8-4015-9F57-9B18D5886636_1_105_c.jpeg","datePublished":"2025-06-05T20:07:05+00:00","dateModified":"2026-03-23T12:43:26+00:00","breadcrumb":{"@id":"https:\/\/espaciomacedo.com\/producto\/sweater-andino-west\/#breadcrumb"},"inLanguage":"en-US","potentialAction":[{"@type":"ReadAction","target":["https:\/\/espaciomacedo.com\/producto\/sweater-andino-west\/"]}]},{"@type":"ImageObject","inLanguage":"en-US","@id":"https:\/\/espaciomacedo.com\/producto\/sweater-andino-west\/#primaryimage","url":"https:\/\/espaciomacedo.com\/wp-content\/uploads\/2025\/06\/BE929585-7BB8-4015-9F57-9B18D5886636_1_105_c.jpeg","contentUrl":"https:\/\/espaciomacedo.com\/wp-content\/uploads\/2025\/06\/BE929585-7BB8-4015-9F57-9B18D5886636_1_105_c.jpeg","width":768,"height":1024},{"@type":"BreadcrumbList","@id":"https:\/\/espaciomacedo.com\/producto\/sweater-andino-west\/#breadcrumb","itemListElement":[{"@type":"ListItem","position":1,"name":"Portada","item":"https:\/\/espaciomacedo.com\/"},{"@type":"ListItem","position":2,"name":"Tienda","item":"https:\/\/espaciomacedo.com\/tienda\/"},{"@type":"ListItem","position":3,"name":"Sweater Andino West"}]},{"@type":"WebSite","@id":"https:\/\/espaciomacedo.com\/#website","url":"https:\/\/espaciomacedo.com\/","name":"Espacio Macedo","description":"Indumentaria Artesanal Femenina","publisher":{"@id":"https:\/\/espaciomacedo.com\/#organization"},"potentialAction":[{"@type":"SearchAction","target":{"@type":"EntryPoint","urlTemplate":"https:\/\/espaciomacedo.com\/?s={search_term_string}"},"query-input":{"@type":"PropertyValueSpecification","valueRequired":true,"valueName":"search_term_string"}}],"inLanguage":"en-US"},{"@type":"Organization","@id":"https:\/\/espaciomacedo.com\/#organization","name":"Espacio Macedo","url":"https:\/\/espaciomacedo.com\/","logo":{"@type":"ImageObject","inLanguage":"en-US","@id":"https:\/\/espaciomacedo.com\/#\/schema\/logo\/image\/","url":"https:\/\/espaciomacedo.com\/wp-content\/uploads\/2024\/01\/logo-espaciomacedo-02.webp","contentUrl":"https:\/\/espaciomacedo.com\/wp-content\/uploads\/2024\/01\/logo-espaciomacedo-02.webp","width":696,"height":696,"caption":"Espacio Macedo"},"image":{"@id":"https:\/\/espaciomacedo.com\/#\/schema\/logo\/image\/"},"sameAs":["https:\/\/www.facebook.com\/espaciomacedo\/","https:\/\/www.instagram.com\/espacio_macedo\/"]}]}},"_links":{"self":[{"href":"https:\/\/espaciomacedo.com\/en\/wp-json\/wp\/v2\/product\/4653","targetHints":{"allow":["GET"]}}],"collection":[{"href":"https:\/\/espaciomacedo.com\/en\/wp-json\/wp\/v2\/product"}],"about":[{"href":"https:\/\/espaciomacedo.com\/en\/wp-json\/wp\/v2\/types\/product"}],"replies":[{"embeddable":true,"href":"https:\/\/espaciomacedo.com\/en\/wp-json\/wp\/v2\/comments?post=4653"}],"wp:featuredmedia":[{"embeddable":true,"href":"https:\/\/espaciomacedo.com\/en\/wp-json\/wp\/v2\/media\/4786"}],"wp:attachment":[{"href":"https:\/\/espaciomacedo.com\/en\/wp-json\/wp\/v2\/media?parent=4653"}],"wp:term":[{"taxonomy":"product_brand","embeddable":true,"href":"https:\/\/espaciomacedo.com\/en\/wp-json\/wp\/v2\/product_brand?post=4653"},{"taxonomy":"product_cat","embeddable":true,"href":"https:\/\/espaciomacedo.com\/en\/wp-json\/wp\/v2\/product_cat?post=4653"},{"taxonomy":"product_tag","embeddable":true,"href":"https:\/\/espaciomacedo.com\/en\/wp-json\/wp\/v2\/product_tag?post=4653"}],"curies":[{"name":"wp","href":"https:\/\/api.w.org\/{rel}","templated":true}]}}