{"id":4550,"date":"2025-03-22T14:48:52","date_gmt":"2025-03-22T17:48:52","guid":{"rendered":"https:\/\/espaciomacedo.com\/?post_type=product&#038;p=4550"},"modified":"2026-04-13T10:42:15","modified_gmt":"2026-04-13T13:42:15","slug":"western-bag-arizona","status":"publish","type":"product","link":"https:\/\/espaciomacedo.com\/en\/product\/western-bag-arizona\/","title":{"rendered":"Western Bag- Arizona"},"content":{"rendered":"<p><strong>Cartera<\/strong><strong>\u00a0al hombro<\/strong>, confeccionada en cuero descarne con dise\u00f1o al frente en Chaguar Punto Antiguo.<\/p>\n<ul>\n<li>Se accede mediante cierre met\u00e1lico a su interior donde presenta un bolsillo con cierre.<\/li>\n<li>La correa es regulable con hebilla de fundici\u00f3n niquelada, tono satinado.<\/li>\n<\/ul>\n<p class=\"p1\">Dise\u00f1o totalmente hecho a mano de inicio a fin cuidando hasta el m\u00e1s m\u00ednimo detalle de confecci\u00f3n y acabado.<\/p>\n<p class=\"p3\"><span style=\"font-family: -apple-system, BlinkMacSystemFont, 'Segoe UI', Roboto, 'Helvetica Neue', Arial, 'Noto Sans', sans-serif, 'Apple Color Emoji', 'Segoe UI Emoji', 'Segoe UI Symbol', 'Noto Color Emoji';\">El pa\u00f1o de Chaguar est\u00e1 realizado en Punto Antiguo, t\u00e9cnica ancestral de las mujeres Wich\u00eds del Potrillo, Formosa, y mide 26cm de ancho por 21cm de alto.<\/span><\/p>\n<p class=\"p3\">Gamuza en tono chocolate.<\/p>\n<p>Medidas:<\/p>\n<p>Ancho: 35cm<\/p>\n<p>Altura: 24cm<\/p>\n<p>Base: 14cm<\/p>\n<p>Largo total de la correa regulable: 80 cm<\/p>","protected":false},"excerpt":{"rendered":"<p>Cartera\u00a0al hombro, confeccionada en cuero descarne con dise\u00f1o al frente en Chaguar Punto Antiguo. Se accede mediante cierre met\u00e1lico a su interior donde presenta un bolsillo con cierre. La correa es regulable con hebilla de fundici\u00f3n niquelada, tono satinado. Dise\u00f1o totalmente hecho a mano de inicio a fin cuidando hasta el m\u00e1s m\u00ednimo detalle de [&hellip;]<\/p>\n","protected":false},"featured_media":4773,"comment_status":"closed","ping_status":"closed","template":"","meta":[],"product_brand":[],"product_cat":[46,25,27,15,24],"product_tag":[],"class_list":{"0":"post-4550","1":"product","2":"type-product","3":"status-publish","4":"has-post-thumbnail","6":"product_cat-accesorios","7":"product_cat-chaguar","8":"product_cat-cuero","9":"product_cat-sin-categorizar","10":"product_cat-todos","12":"first","13":"instock","14":"taxable","15":"shipping-taxable","16":"purchasable","17":"product-type-simple"},"yoast_head":"<!-- This site is optimized with the Yoast SEO plugin v27.5 - https:\/\/yoast.com\/product\/yoast-seo-wordpress\/ -->\n<title>Western Bag- Arizona - Espacio Macedo<\/title>\n<meta name=\"robots\" content=\"index, follow, max-snippet:-1, max-image-preview:large, max-video-preview:-1\" \/>\n<link rel=\"canonical\" href=\"https:\/\/espaciomacedo.com\/en\/product\/western-bag-arizona\/\" \/>\n<meta property=\"og:locale\" content=\"en_US\" \/>\n<meta property=\"og:type\" content=\"article\" \/>\n<meta property=\"og:title\" content=\"Western Bag- Arizona - Espacio Macedo\" \/>\n<meta property=\"og:description\" content=\"Cartera\u00a0al hombro, confeccionada en cuero descarne con dise\u00f1o al frente en Chaguar Punto Antiguo. Se accede mediante cierre met\u00e1lico a su interior donde presenta un bolsillo con cierre. La correa es regulable con hebilla de fundici\u00f3n niquelada, tono satinado. Dise\u00f1o totalmente hecho a mano de inicio a fin cuidando hasta el m\u00e1s m\u00ednimo detalle de [&hellip;]\" \/>\n<meta property=\"og:url\" content=\"https:\/\/espaciomacedo.com\/en\/product\/western-bag-arizona\/\" \/>\n<meta property=\"og:site_name\" content=\"Espacio Macedo\" \/>\n<meta property=\"article:publisher\" content=\"https:\/\/www.facebook.com\/espaciomacedo\/\" \/>\n<meta property=\"article:modified_time\" content=\"2026-04-13T13:42:15+00:00\" \/>\n<meta property=\"og:image\" content=\"https:\/\/espaciomacedo.com\/wp-content\/uploads\/2025\/03\/IMG_8253.jpeg\" \/>\n\t<meta property=\"og:image:width\" content=\"1080\" \/>\n\t<meta property=\"og:image:height\" content=\"1440\" \/>\n\t<meta property=\"og:image:type\" content=\"image\/jpeg\" \/>\n<meta name=\"twitter:card\" content=\"summary_large_image\" \/>\n<script type=\"application\/ld+json\" class=\"yoast-schema-graph\">{\"@context\":\"https:\\\/\\\/schema.org\",\"@graph\":[{\"@type\":\"WebPage\",\"@id\":\"https:\\\/\\\/espaciomacedo.com\\\/producto\\\/western-bag-arizona\\\/\",\"url\":\"https:\\\/\\\/espaciomacedo.com\\\/producto\\\/western-bag-arizona\\\/\",\"name\":\"Western Bag- Arizona - Espacio Macedo\",\"isPartOf\":{\"@id\":\"https:\\\/\\\/espaciomacedo.com\\\/#website\"},\"primaryImageOfPage\":{\"@id\":\"https:\\\/\\\/espaciomacedo.com\\\/producto\\\/western-bag-arizona\\\/#primaryimage\"},\"image\":{\"@id\":\"https:\\\/\\\/espaciomacedo.com\\\/producto\\\/western-bag-arizona\\\/#primaryimage\"},\"thumbnailUrl\":\"https:\\\/\\\/espaciomacedo.com\\\/wp-content\\\/uploads\\\/2025\\\/03\\\/IMG_8253.jpeg\",\"datePublished\":\"2025-03-22T17:48:52+00:00\",\"dateModified\":\"2026-04-13T13:42:15+00:00\",\"breadcrumb\":{\"@id\":\"https:\\\/\\\/espaciomacedo.com\\\/producto\\\/western-bag-arizona\\\/#breadcrumb\"},\"inLanguage\":\"en-US\",\"potentialAction\":[{\"@type\":\"ReadAction\",\"target\":[\"https:\\\/\\\/espaciomacedo.com\\\/producto\\\/western-bag-arizona\\\/\"]}]},{\"@type\":\"ImageObject\",\"inLanguage\":\"en-US\",\"@id\":\"https:\\\/\\\/espaciomacedo.com\\\/producto\\\/western-bag-arizona\\\/#primaryimage\",\"url\":\"https:\\\/\\\/espaciomacedo.com\\\/wp-content\\\/uploads\\\/2025\\\/03\\\/IMG_8253.jpeg\",\"contentUrl\":\"https:\\\/\\\/espaciomacedo.com\\\/wp-content\\\/uploads\\\/2025\\\/03\\\/IMG_8253.jpeg\",\"width\":1080,\"height\":1440},{\"@type\":\"BreadcrumbList\",\"@id\":\"https:\\\/\\\/espaciomacedo.com\\\/producto\\\/western-bag-arizona\\\/#breadcrumb\",\"itemListElement\":[{\"@type\":\"ListItem\",\"position\":1,\"name\":\"Portada\",\"item\":\"https:\\\/\\\/espaciomacedo.com\\\/\"},{\"@type\":\"ListItem\",\"position\":2,\"name\":\"Tienda\",\"item\":\"https:\\\/\\\/espaciomacedo.com\\\/tienda\\\/\"},{\"@type\":\"ListItem\",\"position\":3,\"name\":\"Western Bag- Arizona\"}]},{\"@type\":\"WebSite\",\"@id\":\"https:\\\/\\\/espaciomacedo.com\\\/#website\",\"url\":\"https:\\\/\\\/espaciomacedo.com\\\/\",\"name\":\"Espacio Macedo\",\"description\":\"Indumentaria Artesanal Femenina\",\"publisher\":{\"@id\":\"https:\\\/\\\/espaciomacedo.com\\\/#organization\"},\"potentialAction\":[{\"@type\":\"SearchAction\",\"target\":{\"@type\":\"EntryPoint\",\"urlTemplate\":\"https:\\\/\\\/espaciomacedo.com\\\/?s={search_term_string}\"},\"query-input\":{\"@type\":\"PropertyValueSpecification\",\"valueRequired\":true,\"valueName\":\"search_term_string\"}}],\"inLanguage\":\"en-US\"},{\"@type\":\"Organization\",\"@id\":\"https:\\\/\\\/espaciomacedo.com\\\/#organization\",\"name\":\"Espacio Macedo\",\"url\":\"https:\\\/\\\/espaciomacedo.com\\\/\",\"logo\":{\"@type\":\"ImageObject\",\"inLanguage\":\"en-US\",\"@id\":\"https:\\\/\\\/espaciomacedo.com\\\/#\\\/schema\\\/logo\\\/image\\\/\",\"url\":\"https:\\\/\\\/espaciomacedo.com\\\/wp-content\\\/uploads\\\/2024\\\/01\\\/logo-espaciomacedo-02.webp\",\"contentUrl\":\"https:\\\/\\\/espaciomacedo.com\\\/wp-content\\\/uploads\\\/2024\\\/01\\\/logo-espaciomacedo-02.webp\",\"width\":696,\"height\":696,\"caption\":\"Espacio Macedo\"},\"image\":{\"@id\":\"https:\\\/\\\/espaciomacedo.com\\\/#\\\/schema\\\/logo\\\/image\\\/\"},\"sameAs\":[\"https:\\\/\\\/www.facebook.com\\\/espaciomacedo\\\/\",\"https:\\\/\\\/www.instagram.com\\\/espacio_macedo\\\/\"]}]}<\/script>\n<!-- \/ Yoast SEO plugin. -->","yoast_head_json":{"title":"Western Bag- Arizona - Espacio Macedo","robots":{"index":"index","follow":"follow","max-snippet":"max-snippet:-1","max-image-preview":"max-image-preview:large","max-video-preview":"max-video-preview:-1"},"canonical":"https:\/\/espaciomacedo.com\/en\/product\/western-bag-arizona\/","og_locale":"en_US","og_type":"article","og_title":"Western Bag- Arizona - Espacio Macedo","og_description":"Cartera\u00a0al hombro, confeccionada en cuero descarne con dise\u00f1o al frente en Chaguar Punto Antiguo. Se accede mediante cierre met\u00e1lico a su interior donde presenta un bolsillo con cierre. La correa es regulable con hebilla de fundici\u00f3n niquelada, tono satinado. Dise\u00f1o totalmente hecho a mano de inicio a fin cuidando hasta el m\u00e1s m\u00ednimo detalle de [&hellip;]","og_url":"https:\/\/espaciomacedo.com\/en\/product\/western-bag-arizona\/","og_site_name":"Espacio Macedo","article_publisher":"https:\/\/www.facebook.com\/espaciomacedo\/","article_modified_time":"2026-04-13T13:42:15+00:00","og_image":[{"width":1080,"height":1440,"url":"https:\/\/espaciomacedo.com\/wp-content\/uploads\/2025\/03\/IMG_8253.jpeg","type":"image\/jpeg"}],"twitter_card":"summary_large_image","schema":{"@context":"https:\/\/schema.org","@graph":[{"@type":"WebPage","@id":"https:\/\/espaciomacedo.com\/producto\/western-bag-arizona\/","url":"https:\/\/espaciomacedo.com\/producto\/western-bag-arizona\/","name":"Western Bag- Arizona - Espacio Macedo","isPartOf":{"@id":"https:\/\/espaciomacedo.com\/#website"},"primaryImageOfPage":{"@id":"https:\/\/espaciomacedo.com\/producto\/western-bag-arizona\/#primaryimage"},"image":{"@id":"https:\/\/espaciomacedo.com\/producto\/western-bag-arizona\/#primaryimage"},"thumbnailUrl":"https:\/\/espaciomacedo.com\/wp-content\/uploads\/2025\/03\/IMG_8253.jpeg","datePublished":"2025-03-22T17:48:52+00:00","dateModified":"2026-04-13T13:42:15+00:00","breadcrumb":{"@id":"https:\/\/espaciomacedo.com\/producto\/western-bag-arizona\/#breadcrumb"},"inLanguage":"en-US","potentialAction":[{"@type":"ReadAction","target":["https:\/\/espaciomacedo.com\/producto\/western-bag-arizona\/"]}]},{"@type":"ImageObject","inLanguage":"en-US","@id":"https:\/\/espaciomacedo.com\/producto\/western-bag-arizona\/#primaryimage","url":"https:\/\/espaciomacedo.com\/wp-content\/uploads\/2025\/03\/IMG_8253.jpeg","contentUrl":"https:\/\/espaciomacedo.com\/wp-content\/uploads\/2025\/03\/IMG_8253.jpeg","width":1080,"height":1440},{"@type":"BreadcrumbList","@id":"https:\/\/espaciomacedo.com\/producto\/western-bag-arizona\/#breadcrumb","itemListElement":[{"@type":"ListItem","position":1,"name":"Portada","item":"https:\/\/espaciomacedo.com\/"},{"@type":"ListItem","position":2,"name":"Tienda","item":"https:\/\/espaciomacedo.com\/tienda\/"},{"@type":"ListItem","position":3,"name":"Western Bag- Arizona"}]},{"@type":"WebSite","@id":"https:\/\/espaciomacedo.com\/#website","url":"https:\/\/espaciomacedo.com\/","name":"Espacio Macedo","description":"Indumentaria Artesanal Femenina","publisher":{"@id":"https:\/\/espaciomacedo.com\/#organization"},"potentialAction":[{"@type":"SearchAction","target":{"@type":"EntryPoint","urlTemplate":"https:\/\/espaciomacedo.com\/?s={search_term_string}"},"query-input":{"@type":"PropertyValueSpecification","valueRequired":true,"valueName":"search_term_string"}}],"inLanguage":"en-US"},{"@type":"Organization","@id":"https:\/\/espaciomacedo.com\/#organization","name":"Espacio Macedo","url":"https:\/\/espaciomacedo.com\/","logo":{"@type":"ImageObject","inLanguage":"en-US","@id":"https:\/\/espaciomacedo.com\/#\/schema\/logo\/image\/","url":"https:\/\/espaciomacedo.com\/wp-content\/uploads\/2024\/01\/logo-espaciomacedo-02.webp","contentUrl":"https:\/\/espaciomacedo.com\/wp-content\/uploads\/2024\/01\/logo-espaciomacedo-02.webp","width":696,"height":696,"caption":"Espacio Macedo"},"image":{"@id":"https:\/\/espaciomacedo.com\/#\/schema\/logo\/image\/"},"sameAs":["https:\/\/www.facebook.com\/espaciomacedo\/","https:\/\/www.instagram.com\/espacio_macedo\/"]}]}},"_links":{"self":[{"href":"https:\/\/espaciomacedo.com\/en\/wp-json\/wp\/v2\/product\/4550","targetHints":{"allow":["GET"]}}],"collection":[{"href":"https:\/\/espaciomacedo.com\/en\/wp-json\/wp\/v2\/product"}],"about":[{"href":"https:\/\/espaciomacedo.com\/en\/wp-json\/wp\/v2\/types\/product"}],"replies":[{"embeddable":true,"href":"https:\/\/espaciomacedo.com\/en\/wp-json\/wp\/v2\/comments?post=4550"}],"wp:featuredmedia":[{"embeddable":true,"href":"https:\/\/espaciomacedo.com\/en\/wp-json\/wp\/v2\/media\/4773"}],"wp:attachment":[{"href":"https:\/\/espaciomacedo.com\/en\/wp-json\/wp\/v2\/media?parent=4550"}],"wp:term":[{"taxonomy":"product_brand","embeddable":true,"href":"https:\/\/espaciomacedo.com\/en\/wp-json\/wp\/v2\/product_brand?post=4550"},{"taxonomy":"product_cat","embeddable":true,"href":"https:\/\/espaciomacedo.com\/en\/wp-json\/wp\/v2\/product_cat?post=4550"},{"taxonomy":"product_tag","embeddable":true,"href":"https:\/\/espaciomacedo.com\/en\/wp-json\/wp\/v2\/product_tag?post=4550"}],"curies":[{"name":"wp","href":"https:\/\/api.w.org\/{rel}","templated":true}]}}