{"id":1450,"date":"2023-09-12T00:28:12","date_gmt":"2023-09-12T03:28:12","guid":{"rendered":"http:\/\/espaciomacedo.com.host.valordigital.com.ar\/?post_type=product&#038;p=1450"},"modified":"2026-03-23T09:50:28","modified_gmt":"2026-03-23T12:50:28","slug":"tabla-chancho","status":"publish","type":"product","link":"https:\/\/espaciomacedo.com\/en\/product\/tabla-chancho\/","title":{"rendered":"CANDLES IN PALO SANTO BOWLS"},"content":{"rendered":"<p>\u2022 Medium size wooden bowl (palo santo) hand carved in one piece.<br \/>\n\u2022 Bohemian candle: It is made of vegetable oils with 100% cotton wick. The fragrance has sweet and woody notes that complement the scent of the basin.<br \/>\n\u2022 Dimensions: 20 cm diameter x 20 cm high (measurements may vary by 1 or 2 cm).<br \/>\n\u2022 Origin: Wich\u00ed Community, Formosa.<\/p>","protected":false},"excerpt":{"rendered":"<p>\u2022 Descripci\u00f3n: cuenco de madera tama\u00f1o mediano (palo santo) tallado a mano de una \u00fanica pieza. \u2022 Vela bohemia: est\u00e1 hecha a base de aceites vegetales con pabilo 100% algod\u00f3n. La fragancia tiene notas dulces y amaderadas que se complementan con el perfume del cuenca. \u2022 Medidas aprox.: 20 cm di\u00e1metro x 20 cm alto [&hellip;]<\/p>\n","protected":false},"featured_media":1775,"comment_status":"closed","ping_status":"closed","template":"","meta":[],"product_brand":[],"product_cat":[28],"product_tag":[],"class_list":{"0":"post-1450","1":"product","2":"type-product","3":"status-publish","4":"has-post-thumbnail","6":"product_cat-madera","8":"first","9":"outofstock","10":"taxable","11":"shipping-taxable","12":"product-type-simple"},"yoast_head":"<!-- This site is optimized with the Yoast SEO plugin v27.5 - https:\/\/yoast.com\/product\/yoast-seo-wordpress\/ -->\n<title>Velas en cuencos de Palo Santo - Espacio Macedo<\/title>\n<meta name=\"robots\" content=\"index, follow, max-snippet:-1, max-image-preview:large, max-video-preview:-1\" \/>\n<link rel=\"canonical\" href=\"https:\/\/espaciomacedo.com\/en\/product\/tabla-chancho\/\" \/>\n<meta property=\"og:locale\" content=\"en_US\" \/>\n<meta property=\"og:type\" content=\"article\" \/>\n<meta property=\"og:title\" content=\"Velas en cuencos de Palo Santo - Espacio Macedo\" \/>\n<meta property=\"og:description\" content=\"\u2022 Descripci\u00f3n: cuenco de madera tama\u00f1o mediano (palo santo) tallado a mano de una \u00fanica pieza. \u2022 Vela bohemia: est\u00e1 hecha a base de aceites vegetales con pabilo 100% algod\u00f3n. La fragancia tiene notas dulces y amaderadas que se complementan con el perfume del cuenca. \u2022 Medidas aprox.: 20 cm di\u00e1metro x 20 cm alto [&hellip;]\" \/>\n<meta property=\"og:url\" content=\"https:\/\/espaciomacedo.com\/en\/product\/tabla-chancho\/\" \/>\n<meta property=\"og:site_name\" content=\"Espacio Macedo\" \/>\n<meta property=\"article:publisher\" content=\"https:\/\/www.facebook.com\/espaciomacedo\/\" \/>\n<meta property=\"article:modified_time\" content=\"2026-03-23T12:50:28+00:00\" \/>\n<meta property=\"og:image\" content=\"https:\/\/espaciomacedo.com\/wp-content\/uploads\/2023\/09\/Velas_en_cuencos_de_Palo_Santo_01.webp\" \/>\n\t<meta property=\"og:image:width\" content=\"600\" \/>\n\t<meta property=\"og:image:height\" content=\"900\" \/>\n\t<meta property=\"og:image:type\" content=\"image\/webp\" \/>\n<meta name=\"twitter:card\" content=\"summary_large_image\" \/>\n<script type=\"application\/ld+json\" class=\"yoast-schema-graph\">{\"@context\":\"https:\\\/\\\/schema.org\",\"@graph\":[{\"@type\":\"WebPage\",\"@id\":\"https:\\\/\\\/espaciomacedo.com\\\/producto\\\/tabla-chancho\\\/\",\"url\":\"https:\\\/\\\/espaciomacedo.com\\\/producto\\\/tabla-chancho\\\/\",\"name\":\"Velas en cuencos de Palo Santo - Espacio Macedo\",\"isPartOf\":{\"@id\":\"https:\\\/\\\/espaciomacedo.com\\\/#website\"},\"primaryImageOfPage\":{\"@id\":\"https:\\\/\\\/espaciomacedo.com\\\/producto\\\/tabla-chancho\\\/#primaryimage\"},\"image\":{\"@id\":\"https:\\\/\\\/espaciomacedo.com\\\/producto\\\/tabla-chancho\\\/#primaryimage\"},\"thumbnailUrl\":\"https:\\\/\\\/espaciomacedo.com\\\/wp-content\\\/uploads\\\/2023\\\/09\\\/Velas_en_cuencos_de_Palo_Santo_01.webp\",\"datePublished\":\"2023-09-12T03:28:12+00:00\",\"dateModified\":\"2026-03-23T12:50:28+00:00\",\"breadcrumb\":{\"@id\":\"https:\\\/\\\/espaciomacedo.com\\\/producto\\\/tabla-chancho\\\/#breadcrumb\"},\"inLanguage\":\"en-US\",\"potentialAction\":[{\"@type\":\"ReadAction\",\"target\":[\"https:\\\/\\\/espaciomacedo.com\\\/producto\\\/tabla-chancho\\\/\"]}]},{\"@type\":\"ImageObject\",\"inLanguage\":\"en-US\",\"@id\":\"https:\\\/\\\/espaciomacedo.com\\\/producto\\\/tabla-chancho\\\/#primaryimage\",\"url\":\"https:\\\/\\\/espaciomacedo.com\\\/wp-content\\\/uploads\\\/2023\\\/09\\\/Velas_en_cuencos_de_Palo_Santo_01.webp\",\"contentUrl\":\"https:\\\/\\\/espaciomacedo.com\\\/wp-content\\\/uploads\\\/2023\\\/09\\\/Velas_en_cuencos_de_Palo_Santo_01.webp\",\"width\":600,\"height\":900},{\"@type\":\"BreadcrumbList\",\"@id\":\"https:\\\/\\\/espaciomacedo.com\\\/producto\\\/tabla-chancho\\\/#breadcrumb\",\"itemListElement\":[{\"@type\":\"ListItem\",\"position\":1,\"name\":\"Portada\",\"item\":\"https:\\\/\\\/espaciomacedo.com\\\/\"},{\"@type\":\"ListItem\",\"position\":2,\"name\":\"Tienda\",\"item\":\"https:\\\/\\\/espaciomacedo.com\\\/tienda\\\/\"},{\"@type\":\"ListItem\",\"position\":3,\"name\":\"Velas en cuencos de Palo Santo\"}]},{\"@type\":\"WebSite\",\"@id\":\"https:\\\/\\\/espaciomacedo.com\\\/#website\",\"url\":\"https:\\\/\\\/espaciomacedo.com\\\/\",\"name\":\"Espacio Macedo\",\"description\":\"Indumentaria Artesanal Femenina\",\"publisher\":{\"@id\":\"https:\\\/\\\/espaciomacedo.com\\\/#organization\"},\"potentialAction\":[{\"@type\":\"SearchAction\",\"target\":{\"@type\":\"EntryPoint\",\"urlTemplate\":\"https:\\\/\\\/espaciomacedo.com\\\/?s={search_term_string}\"},\"query-input\":{\"@type\":\"PropertyValueSpecification\",\"valueRequired\":true,\"valueName\":\"search_term_string\"}}],\"inLanguage\":\"en-US\"},{\"@type\":\"Organization\",\"@id\":\"https:\\\/\\\/espaciomacedo.com\\\/#organization\",\"name\":\"Espacio Macedo\",\"url\":\"https:\\\/\\\/espaciomacedo.com\\\/\",\"logo\":{\"@type\":\"ImageObject\",\"inLanguage\":\"en-US\",\"@id\":\"https:\\\/\\\/espaciomacedo.com\\\/#\\\/schema\\\/logo\\\/image\\\/\",\"url\":\"https:\\\/\\\/espaciomacedo.com\\\/wp-content\\\/uploads\\\/2024\\\/01\\\/logo-espaciomacedo-02.webp\",\"contentUrl\":\"https:\\\/\\\/espaciomacedo.com\\\/wp-content\\\/uploads\\\/2024\\\/01\\\/logo-espaciomacedo-02.webp\",\"width\":696,\"height\":696,\"caption\":\"Espacio Macedo\"},\"image\":{\"@id\":\"https:\\\/\\\/espaciomacedo.com\\\/#\\\/schema\\\/logo\\\/image\\\/\"},\"sameAs\":[\"https:\\\/\\\/www.facebook.com\\\/espaciomacedo\\\/\",\"https:\\\/\\\/www.instagram.com\\\/espacio_macedo\\\/\"]}]}<\/script>\n<!-- \/ Yoast SEO plugin. -->","yoast_head_json":{"title":"Velas en cuencos de Palo Santo - Espacio Macedo","robots":{"index":"index","follow":"follow","max-snippet":"max-snippet:-1","max-image-preview":"max-image-preview:large","max-video-preview":"max-video-preview:-1"},"canonical":"https:\/\/espaciomacedo.com\/en\/product\/tabla-chancho\/","og_locale":"en_US","og_type":"article","og_title":"Velas en cuencos de Palo Santo - Espacio Macedo","og_description":"\u2022 Descripci\u00f3n: cuenco de madera tama\u00f1o mediano (palo santo) tallado a mano de una \u00fanica pieza. \u2022 Vela bohemia: est\u00e1 hecha a base de aceites vegetales con pabilo 100% algod\u00f3n. La fragancia tiene notas dulces y amaderadas que se complementan con el perfume del cuenca. \u2022 Medidas aprox.: 20 cm di\u00e1metro x 20 cm alto [&hellip;]","og_url":"https:\/\/espaciomacedo.com\/en\/product\/tabla-chancho\/","og_site_name":"Espacio Macedo","article_publisher":"https:\/\/www.facebook.com\/espaciomacedo\/","article_modified_time":"2026-03-23T12:50:28+00:00","og_image":[{"width":600,"height":900,"url":"https:\/\/espaciomacedo.com\/wp-content\/uploads\/2023\/09\/Velas_en_cuencos_de_Palo_Santo_01.webp","type":"image\/webp"}],"twitter_card":"summary_large_image","schema":{"@context":"https:\/\/schema.org","@graph":[{"@type":"WebPage","@id":"https:\/\/espaciomacedo.com\/producto\/tabla-chancho\/","url":"https:\/\/espaciomacedo.com\/producto\/tabla-chancho\/","name":"Velas en cuencos de Palo Santo - Espacio Macedo","isPartOf":{"@id":"https:\/\/espaciomacedo.com\/#website"},"primaryImageOfPage":{"@id":"https:\/\/espaciomacedo.com\/producto\/tabla-chancho\/#primaryimage"},"image":{"@id":"https:\/\/espaciomacedo.com\/producto\/tabla-chancho\/#primaryimage"},"thumbnailUrl":"https:\/\/espaciomacedo.com\/wp-content\/uploads\/2023\/09\/Velas_en_cuencos_de_Palo_Santo_01.webp","datePublished":"2023-09-12T03:28:12+00:00","dateModified":"2026-03-23T12:50:28+00:00","breadcrumb":{"@id":"https:\/\/espaciomacedo.com\/producto\/tabla-chancho\/#breadcrumb"},"inLanguage":"en-US","potentialAction":[{"@type":"ReadAction","target":["https:\/\/espaciomacedo.com\/producto\/tabla-chancho\/"]}]},{"@type":"ImageObject","inLanguage":"en-US","@id":"https:\/\/espaciomacedo.com\/producto\/tabla-chancho\/#primaryimage","url":"https:\/\/espaciomacedo.com\/wp-content\/uploads\/2023\/09\/Velas_en_cuencos_de_Palo_Santo_01.webp","contentUrl":"https:\/\/espaciomacedo.com\/wp-content\/uploads\/2023\/09\/Velas_en_cuencos_de_Palo_Santo_01.webp","width":600,"height":900},{"@type":"BreadcrumbList","@id":"https:\/\/espaciomacedo.com\/producto\/tabla-chancho\/#breadcrumb","itemListElement":[{"@type":"ListItem","position":1,"name":"Portada","item":"https:\/\/espaciomacedo.com\/"},{"@type":"ListItem","position":2,"name":"Tienda","item":"https:\/\/espaciomacedo.com\/tienda\/"},{"@type":"ListItem","position":3,"name":"Velas en cuencos de Palo Santo"}]},{"@type":"WebSite","@id":"https:\/\/espaciomacedo.com\/#website","url":"https:\/\/espaciomacedo.com\/","name":"Espacio Macedo","description":"Indumentaria Artesanal Femenina","publisher":{"@id":"https:\/\/espaciomacedo.com\/#organization"},"potentialAction":[{"@type":"SearchAction","target":{"@type":"EntryPoint","urlTemplate":"https:\/\/espaciomacedo.com\/?s={search_term_string}"},"query-input":{"@type":"PropertyValueSpecification","valueRequired":true,"valueName":"search_term_string"}}],"inLanguage":"en-US"},{"@type":"Organization","@id":"https:\/\/espaciomacedo.com\/#organization","name":"Espacio Macedo","url":"https:\/\/espaciomacedo.com\/","logo":{"@type":"ImageObject","inLanguage":"en-US","@id":"https:\/\/espaciomacedo.com\/#\/schema\/logo\/image\/","url":"https:\/\/espaciomacedo.com\/wp-content\/uploads\/2024\/01\/logo-espaciomacedo-02.webp","contentUrl":"https:\/\/espaciomacedo.com\/wp-content\/uploads\/2024\/01\/logo-espaciomacedo-02.webp","width":696,"height":696,"caption":"Espacio Macedo"},"image":{"@id":"https:\/\/espaciomacedo.com\/#\/schema\/logo\/image\/"},"sameAs":["https:\/\/www.facebook.com\/espaciomacedo\/","https:\/\/www.instagram.com\/espacio_macedo\/"]}]}},"_links":{"self":[{"href":"https:\/\/espaciomacedo.com\/en\/wp-json\/wp\/v2\/product\/1450","targetHints":{"allow":["GET"]}}],"collection":[{"href":"https:\/\/espaciomacedo.com\/en\/wp-json\/wp\/v2\/product"}],"about":[{"href":"https:\/\/espaciomacedo.com\/en\/wp-json\/wp\/v2\/types\/product"}],"replies":[{"embeddable":true,"href":"https:\/\/espaciomacedo.com\/en\/wp-json\/wp\/v2\/comments?post=1450"}],"wp:featuredmedia":[{"embeddable":true,"href":"https:\/\/espaciomacedo.com\/en\/wp-json\/wp\/v2\/media\/1775"}],"wp:attachment":[{"href":"https:\/\/espaciomacedo.com\/en\/wp-json\/wp\/v2\/media?parent=1450"}],"wp:term":[{"taxonomy":"product_brand","embeddable":true,"href":"https:\/\/espaciomacedo.com\/en\/wp-json\/wp\/v2\/product_brand?post=1450"},{"taxonomy":"product_cat","embeddable":true,"href":"https:\/\/espaciomacedo.com\/en\/wp-json\/wp\/v2\/product_cat?post=1450"},{"taxonomy":"product_tag","embeddable":true,"href":"https:\/\/espaciomacedo.com\/en\/wp-json\/wp\/v2\/product_tag?post=1450"}],"curies":[{"name":"wp","href":"https:\/\/api.w.org\/{rel}","templated":true}]}}