{"id":13,"date":"2023-09-02T12:51:34","date_gmt":"2023-09-02T15:51:34","guid":{"rendered":"http:\/\/espaciomacedo.com.host.valordigital.com.ar\/mi-cuenta\/"},"modified":"2024-01-15T00:53:38","modified_gmt":"2024-01-15T03:53:38","slug":"mi-cuenta","status":"publish","type":"page","link":"https:\/\/espaciomacedo.com\/en\/mi-cuenta\/","title":{"rendered":"Mi cuenta"},"content":{"rendered":"<div data-elementor-type=\"wp-page\" data-elementor-id=\"13\" class=\"elementor elementor-13\" data-elementor-post-type=\"page\">\n\t\t\t\t<div class=\"elementor-element elementor-element-5b84ff5 e-flex e-con-boxed e-con e-parent\" data-id=\"5b84ff5\" data-element_type=\"container\" data-e-type=\"container\">\n\t\t\t\t\t<div class=\"e-con-inner\">\n\t\t<div class=\"elementor-element elementor-element-5db9675 e-flex e-con-boxed e-con e-child\" data-id=\"5db9675\" data-element_type=\"container\" data-e-type=\"container\">\n\t\t\t\t\t<div class=\"e-con-inner\">\n\t\t\t\t<div class=\"elementor-element elementor-element-00b2972 e-my-account-tabs-horizontal elementor-widget elementor-widget-woocommerce-my-account\" data-id=\"00b2972\" data-element_type=\"widget\" data-e-type=\"widget\" data-widget_type=\"woocommerce-my-account.default\">\n\t\t\t\t\t<div class=\"e-my-account-tab e-my-account-tab__\">\t\t\t<div class=\"woocommerce\"><\/div>\t\t<\/div>\n\t\t\t\t\t\t<\/div>\n\t\t\t\t\t<\/div>\n\t\t\t\t<\/div>\n\t\t\t\t\t<\/div>\n\t\t\t\t<\/div>\n\t\t\t\t<\/div>","protected":false},"excerpt":{"rendered":"<p>Escritorio Pedidos Descargas Direcciones Detalles de la cuenta Cerrar sesi\u00f3n Escritorio Pedidos Descargas Direcciones Detalles de la cuenta Cerrar sesi\u00f3n Escritorio Pedidos Descargas Direcciones Detalles de la cuenta Cerrar sesi\u00f3n Escritorio Pedidos Descargas Direcciones Detalles de la cuenta Cerrar sesi\u00f3n Hola macedo_vd (\u00bfno eres macedo_vd? Cerrar sesi\u00f3n) Desde el escritorio de tu cuenta puedes ver [&hellip;]<\/p>\n","protected":false},"author":1,"featured_media":0,"parent":0,"menu_order":0,"comment_status":"closed","ping_status":"closed","template":"elementor_header_footer","meta":{"footnotes":""},"class_list":["post-13","page","type-page","status-publish","hentry"],"yoast_head":"<!-- This site is optimized with the Yoast SEO plugin v27.5 - https:\/\/yoast.com\/product\/yoast-seo-wordpress\/ -->\n<title>Mi cuenta - Espacio Macedo<\/title>\n<meta name=\"robots\" content=\"noindex, nofollow\" \/>\n<meta property=\"og:locale\" content=\"en_US\" \/>\n<meta property=\"og:type\" content=\"article\" \/>\n<meta property=\"og:title\" content=\"Mi cuenta - Espacio Macedo\" \/>\n<meta property=\"og:description\" content=\"Escritorio Pedidos Descargas Direcciones Detalles de la cuenta Cerrar sesi\u00f3n Escritorio Pedidos Descargas Direcciones Detalles de la cuenta Cerrar sesi\u00f3n Escritorio Pedidos Descargas Direcciones Detalles de la cuenta Cerrar sesi\u00f3n Escritorio Pedidos Descargas Direcciones Detalles de la cuenta Cerrar sesi\u00f3n Hola macedo_vd (\u00bfno eres macedo_vd? Cerrar sesi\u00f3n) Desde el escritorio de tu cuenta puedes ver [&hellip;]\" \/>\n<meta property=\"og:url\" content=\"https:\/\/espaciomacedo.com\/en\/mi-cuenta\/\" \/>\n<meta property=\"og:site_name\" content=\"Espacio Macedo\" \/>\n<meta property=\"article:publisher\" content=\"https:\/\/www.facebook.com\/espaciomacedo\/\" \/>\n<meta property=\"article:modified_time\" content=\"2024-01-15T03:53:38+00:00\" \/>\n<meta property=\"og:image\" content=\"https:\/\/espaciomacedo.com\/wp-content\/uploads\/2024\/01\/screenshot-website-espaciomacedo.webp\" \/>\n\t<meta property=\"og:image:width\" content=\"1200\" \/>\n\t<meta property=\"og:image:height\" content=\"675\" \/>\n\t<meta property=\"og:image:type\" content=\"image\/webp\" \/>\n<meta name=\"twitter:card\" content=\"summary_large_image\" \/>\n<script type=\"application\/ld+json\" class=\"yoast-schema-graph\">{\"@context\":\"https:\\\/\\\/schema.org\",\"@graph\":[{\"@type\":\"WebPage\",\"@id\":\"https:\\\/\\\/espaciomacedo.com\\\/mi-cuenta\\\/\",\"url\":\"https:\\\/\\\/espaciomacedo.com\\\/mi-cuenta\\\/\",\"name\":\"Mi cuenta - Espacio Macedo\",\"isPartOf\":{\"@id\":\"https:\\\/\\\/espaciomacedo.com\\\/#website\"},\"datePublished\":\"2023-09-02T15:51:34+00:00\",\"dateModified\":\"2024-01-15T03:53:38+00:00\",\"breadcrumb\":{\"@id\":\"https:\\\/\\\/espaciomacedo.com\\\/mi-cuenta\\\/#breadcrumb\"},\"inLanguage\":\"en-US\",\"potentialAction\":[{\"@type\":\"ReadAction\",\"target\":[\"https:\\\/\\\/espaciomacedo.com\\\/mi-cuenta\\\/\"]}]},{\"@type\":\"BreadcrumbList\",\"@id\":\"https:\\\/\\\/espaciomacedo.com\\\/mi-cuenta\\\/#breadcrumb\",\"itemListElement\":[{\"@type\":\"ListItem\",\"position\":1,\"name\":\"Portada\",\"item\":\"https:\\\/\\\/espaciomacedo.com\\\/\"},{\"@type\":\"ListItem\",\"position\":2,\"name\":\"Mi cuenta\"}]},{\"@type\":\"WebSite\",\"@id\":\"https:\\\/\\\/espaciomacedo.com\\\/#website\",\"url\":\"https:\\\/\\\/espaciomacedo.com\\\/\",\"name\":\"Espacio Macedo\",\"description\":\"Indumentaria Artesanal Femenina\",\"publisher\":{\"@id\":\"https:\\\/\\\/espaciomacedo.com\\\/#organization\"},\"potentialAction\":[{\"@type\":\"SearchAction\",\"target\":{\"@type\":\"EntryPoint\",\"urlTemplate\":\"https:\\\/\\\/espaciomacedo.com\\\/?s={search_term_string}\"},\"query-input\":{\"@type\":\"PropertyValueSpecification\",\"valueRequired\":true,\"valueName\":\"search_term_string\"}}],\"inLanguage\":\"en-US\"},{\"@type\":\"Organization\",\"@id\":\"https:\\\/\\\/espaciomacedo.com\\\/#organization\",\"name\":\"Espacio Macedo\",\"url\":\"https:\\\/\\\/espaciomacedo.com\\\/\",\"logo\":{\"@type\":\"ImageObject\",\"inLanguage\":\"en-US\",\"@id\":\"https:\\\/\\\/espaciomacedo.com\\\/#\\\/schema\\\/logo\\\/image\\\/\",\"url\":\"https:\\\/\\\/espaciomacedo.com\\\/wp-content\\\/uploads\\\/2024\\\/01\\\/logo-espaciomacedo-02.webp\",\"contentUrl\":\"https:\\\/\\\/espaciomacedo.com\\\/wp-content\\\/uploads\\\/2024\\\/01\\\/logo-espaciomacedo-02.webp\",\"width\":696,\"height\":696,\"caption\":\"Espacio Macedo\"},\"image\":{\"@id\":\"https:\\\/\\\/espaciomacedo.com\\\/#\\\/schema\\\/logo\\\/image\\\/\"},\"sameAs\":[\"https:\\\/\\\/www.facebook.com\\\/espaciomacedo\\\/\",\"https:\\\/\\\/www.instagram.com\\\/espacio_macedo\\\/\"]}]}<\/script>\n<!-- \/ Yoast SEO plugin. -->","yoast_head_json":{"title":"Mi cuenta - Espacio Macedo","robots":{"index":"noindex","follow":"nofollow"},"og_locale":"en_US","og_type":"article","og_title":"Mi cuenta - Espacio Macedo","og_description":"Escritorio Pedidos Descargas Direcciones Detalles de la cuenta Cerrar sesi\u00f3n Escritorio Pedidos Descargas Direcciones Detalles de la cuenta Cerrar sesi\u00f3n Escritorio Pedidos Descargas Direcciones Detalles de la cuenta Cerrar sesi\u00f3n Escritorio Pedidos Descargas Direcciones Detalles de la cuenta Cerrar sesi\u00f3n Hola macedo_vd (\u00bfno eres macedo_vd? Cerrar sesi\u00f3n) Desde el escritorio de tu cuenta puedes ver [&hellip;]","og_url":"https:\/\/espaciomacedo.com\/en\/mi-cuenta\/","og_site_name":"Espacio Macedo","article_publisher":"https:\/\/www.facebook.com\/espaciomacedo\/","article_modified_time":"2024-01-15T03:53:38+00:00","og_image":[{"width":1200,"height":675,"url":"https:\/\/espaciomacedo.com\/wp-content\/uploads\/2024\/01\/screenshot-website-espaciomacedo.webp","type":"image\/webp"}],"twitter_card":"summary_large_image","schema":{"@context":"https:\/\/schema.org","@graph":[{"@type":"WebPage","@id":"https:\/\/espaciomacedo.com\/mi-cuenta\/","url":"https:\/\/espaciomacedo.com\/mi-cuenta\/","name":"Mi cuenta - Espacio Macedo","isPartOf":{"@id":"https:\/\/espaciomacedo.com\/#website"},"datePublished":"2023-09-02T15:51:34+00:00","dateModified":"2024-01-15T03:53:38+00:00","breadcrumb":{"@id":"https:\/\/espaciomacedo.com\/mi-cuenta\/#breadcrumb"},"inLanguage":"en-US","potentialAction":[{"@type":"ReadAction","target":["https:\/\/espaciomacedo.com\/mi-cuenta\/"]}]},{"@type":"BreadcrumbList","@id":"https:\/\/espaciomacedo.com\/mi-cuenta\/#breadcrumb","itemListElement":[{"@type":"ListItem","position":1,"name":"Portada","item":"https:\/\/espaciomacedo.com\/"},{"@type":"ListItem","position":2,"name":"Mi cuenta"}]},{"@type":"WebSite","@id":"https:\/\/espaciomacedo.com\/#website","url":"https:\/\/espaciomacedo.com\/","name":"Espacio Macedo","description":"Indumentaria Artesanal Femenina","publisher":{"@id":"https:\/\/espaciomacedo.com\/#organization"},"potentialAction":[{"@type":"SearchAction","target":{"@type":"EntryPoint","urlTemplate":"https:\/\/espaciomacedo.com\/?s={search_term_string}"},"query-input":{"@type":"PropertyValueSpecification","valueRequired":true,"valueName":"search_term_string"}}],"inLanguage":"en-US"},{"@type":"Organization","@id":"https:\/\/espaciomacedo.com\/#organization","name":"Espacio Macedo","url":"https:\/\/espaciomacedo.com\/","logo":{"@type":"ImageObject","inLanguage":"en-US","@id":"https:\/\/espaciomacedo.com\/#\/schema\/logo\/image\/","url":"https:\/\/espaciomacedo.com\/wp-content\/uploads\/2024\/01\/logo-espaciomacedo-02.webp","contentUrl":"https:\/\/espaciomacedo.com\/wp-content\/uploads\/2024\/01\/logo-espaciomacedo-02.webp","width":696,"height":696,"caption":"Espacio Macedo"},"image":{"@id":"https:\/\/espaciomacedo.com\/#\/schema\/logo\/image\/"},"sameAs":["https:\/\/www.facebook.com\/espaciomacedo\/","https:\/\/www.instagram.com\/espacio_macedo\/"]}]}},"_links":{"self":[{"href":"https:\/\/espaciomacedo.com\/en\/wp-json\/wp\/v2\/pages\/13","targetHints":{"allow":["GET"]}}],"collection":[{"href":"https:\/\/espaciomacedo.com\/en\/wp-json\/wp\/v2\/pages"}],"about":[{"href":"https:\/\/espaciomacedo.com\/en\/wp-json\/wp\/v2\/types\/page"}],"author":[{"embeddable":true,"href":"https:\/\/espaciomacedo.com\/en\/wp-json\/wp\/v2\/users\/1"}],"replies":[{"embeddable":true,"href":"https:\/\/espaciomacedo.com\/en\/wp-json\/wp\/v2\/comments?post=13"}],"version-history":[{"count":170,"href":"https:\/\/espaciomacedo.com\/en\/wp-json\/wp\/v2\/pages\/13\/revisions"}],"predecessor-version":[{"id":3554,"href":"https:\/\/espaciomacedo.com\/en\/wp-json\/wp\/v2\/pages\/13\/revisions\/3554"}],"wp:attachment":[{"href":"https:\/\/espaciomacedo.com\/en\/wp-json\/wp\/v2\/media?parent=13"}],"curies":[{"name":"wp","href":"https:\/\/api.w.org\/{rel}","templated":true}]}}